{"id":10526,"date":"2025-06-19T15:07:12","date_gmt":"2025-06-19T13:07:12","guid":{"rendered":"https:\/\/designgoscinny.com\/?page_id=10526"},"modified":"2025-09-29T11:15:43","modified_gmt":"2025-09-29T09:15:43","slug":"diplome-numerique","status":"publish","type":"page","link":"https:\/\/designgoscinny.com\/index.php\/diplome-numerique\/","title":{"rendered":"MEMOIRE NUMERIQUE"},"content":{"rendered":"<p>[et_pb_section fb_built=\u00a0\u00bb1&Prime; admin_label=\u00a0\u00bbHeader\u00a0\u00bb _builder_version=\u00a0\u00bb4.24.2&Prime; _module_preset=\u00a0\u00bbdefault\u00a0\u00bb collapsed=\u00a0\u00bbon\u00a0\u00bb global_colors_info=\u00a0\u00bb{}\u00a0\u00bb][et_pb_row _builder_version=\u00a0\u00bb4.24.2&Prime; _module_preset=\u00a0\u00bbdefault\u00a0\u00bb width=\u00a0\u00bb90%\u00a0\u00bb max_width=\u00a0\u00bbnone\u00a0\u00bb global_colors_info=\u00a0\u00bb{}\u00a0\u00bb][et_pb_column type=\u00a0\u00bb4_4&Prime; _builder_version=\u00a0\u00bb4.24.2&Prime; _module_preset=\u00a0\u00bbdefault\u00a0\u00bb global_colors_info=\u00a0\u00bb{}\u00a0\u00bb][et_pb_text _builder_version=\u00a0\u00bb4.27.3&Prime; _module_preset=\u00a0\u00bbdaf64247-eefa-4fee-a0dc-a3b069039322&Prime; text_font=\u00a0\u00bbsofia pro medium||||||||\u00a0\u00bb header_font=\u00a0\u00bbsofia pro light|500||on|||||\u00a0\u00bb header_font_size=\u00a0\u00bb6vw\u00a0\u00bb global_colors_info=\u00a0\u00bb{}\u00a0\u00bb]<\/p>\n<h1> S\u00e9lection de M\u00e9moires<\/h1>\n<p>[\/et_pb_text][\/et_pb_column][\/et_pb_row][et_pb_row column_structure=\u00a0\u00bb1_2,1_2&Prime; admin_label=\u00a0\u00bbAPP MOBILE \u00a0\u00bb _builder_version=\u00a0\u00bb4.27.3&Prime; _module_preset=\u00a0\u00bb99bedd41-a8aa-499a-9bb1-b6bb37b28faa\u00a0\u00bb locked=\u00a0\u00bboff\u00a0\u00bb global_colors_info=\u00a0\u00bb{}\u00a0\u00bb][et_pb_column type=\u00a0\u00bb1_2&Prime; _builder_version=\u00a0\u00bb4.16&Prime; _module_preset=\u00a0\u00bbdefault\u00a0\u00bb global_colors_info=\u00a0\u00bb{}\u00a0\u00bb][et_pb_gallery gallery_ids=\u00a0\u00bb10547,10549,10546,10554,10552,10551,10553,10555&Prime; fullwidth=\u00a0\u00bbon\u00a0\u00bb _builder_version=\u00a0\u00bb4.27.3&Prime; _module_preset=\u00a0\u00bbdefault\u00a0\u00bb global_colors_info=\u00a0\u00bb{}\u00a0\u00bb][\/et_pb_gallery][\/et_pb_column][et_pb_column type=\u00a0\u00bb1_2&Prime; _builder_version=\u00a0\u00bb4.27.3&Prime; _module_preset=\u00a0\u00bbdefault\u00a0\u00bb global_colors_info=\u00a0\u00bb{}\u00a0\u00bb][et_pb_text _builder_version=\u00a0\u00bb4.27.3&Prime; _module_preset=\u00a0\u00bbdefault\u00a0\u00bb text_font=\u00a0\u00bbsofia pro light||||||||\u00a0\u00bb text_text_color=\u00a0\u00bb#939393&Prime; text_font_size=\u00a0\u00bb17px\u00a0\u00bb header_3_font=\u00a0\u00bbsofia pro medium||||||||\u00a0\u00bb global_colors_info=\u00a0\u00bb{}\u00a0\u00bb]<\/p>\n<h2>TOM LATOUR<\/h2>\n<h1>Du Viril au sensible<\/h1>\n<p>Cet article a pour but de sensibilis\u00e9 aux probl\u00e8mes de gestion des \u00e9motions chez les hommes et \u00e0 leurs impacts sur eux-m\u00eames et la soci\u00e9t\u00e9. Malgr\u00e9 l\u2019\u00e9volution des symboles de masculinit\u00e9, les st\u00e9r\u00e9otypes de genre restent ancr\u00e9s, et l\u2019homme fort et sans \u00e9motions reste un mod\u00e8le dominant. L\u2019article explore les repr\u00e9sentations visuelles de la masculinit\u00e9 et r\u00e9fl\u00e9chit \u00e0 la mani\u00e8re dont le design num\u00e9rique peut aider \u00e0 promouvoir des mod\u00e8les plus diversifi\u00e9s et \u00e9motionnellement accessibles.<\/p>\n<p>&nbsp;<\/p>\n<p>[\/et_pb_text][\/et_pb_column][\/et_pb_row][et_pb_row column_structure=\u00a0\u00bb1_2,1_2&Prime; admin_label=\u00a0\u00bbAPP MOBILE \u00a0\u00bb _builder_version=\u00a0\u00bb4.27.3&Prime; _module_preset=\u00a0\u00bb99bedd41-a8aa-499a-9bb1-b6bb37b28faa\u00a0\u00bb locked=\u00a0\u00bboff\u00a0\u00bb global_colors_info=\u00a0\u00bb{}\u00a0\u00bb][et_pb_column type=\u00a0\u00bb1_2&Prime; _builder_version=\u00a0\u00bb4.16&Prime; _module_preset=\u00a0\u00bbdefault\u00a0\u00bb global_colors_info=\u00a0\u00bb{}\u00a0\u00bb][et_pb_gallery gallery_ids=\u00a0\u00bb10565,10566,10567,10561,10564,10563&Prime; fullwidth=\u00a0\u00bbon\u00a0\u00bb _builder_version=\u00a0\u00bb4.27.3&Prime; _module_preset=\u00a0\u00bbdefault\u00a0\u00bb global_colors_info=\u00a0\u00bb{}\u00a0\u00bb][\/et_pb_gallery][\/et_pb_column][et_pb_column type=\u00a0\u00bb1_2&Prime; _builder_version=\u00a0\u00bb4.27.3&Prime; _module_preset=\u00a0\u00bbdefault\u00a0\u00bb global_colors_info=\u00a0\u00bb{}\u00a0\u00bb][et_pb_text _builder_version=\u00a0\u00bb4.27.3&Prime; _module_preset=\u00a0\u00bbdefault\u00a0\u00bb text_font=\u00a0\u00bbsofia pro light||||||||\u00a0\u00bb text_font_size=\u00a0\u00bb17px\u00a0\u00bb global_colors_info=\u00a0\u00bb{}\u00a0\u00bb]<\/p>\n<h2>CAMILLE GUIOT<\/h2>\n<div id=\"meta-origin\" data-coolorigin=\"https%3A%2F%2Fedition.apps.education.fr%2Fcool%2Fclipboard%3FWOPISrc%3Dhttps%253A%252F%252Fnuage01.apps.education.fr%252Findex.php%252Fapps%252Frichdocuments%252Fwopi%252Ffiles%252F144187275_ocvvam43x8hs%26ServerId%3Dad327e06%26ViewId%3D4%26Tag%3D5527a1daa3525959\">\n<h1>La croix, les mains et le message : R\u00e9emergence des symboles religieux au sein des esth\u00e9tiques contemporaines \u00e0 l&rsquo;\u00e8re d&rsquo;internet<\/h1>\n<\/div>\n<div id=\"meta-origin\" data-coolorigin=\"https%3A%2F%2Fedition.apps.education.fr%2Fcool%2Fclipboard%3FWOPISrc%3Dhttps%253A%252F%252Fnuage01.apps.education.fr%252Findex.php%252Fapps%252Frichdocuments%252Fwopi%252Ffiles%252F144187275_ocvvam43x8hs%26ServerId%3Dad327e06%26ViewId%3D4%26Tag%3D5527a1daa3525959\">\n<p>Ce m\u00e9moire explore la r\u00e9\u00e9mergence des symboles religieux dans la cr\u00e9ation graphique contemporaine et d&rsquo;avant-garde. Face \u00e0 une soci\u00e9t\u00e9 s\u00e9cularis\u00e9e et consum\u00e9riste, de nouvelles communaut\u00e9s cherchent du sens \u00e0 travers des expressions culturelles alternatives, notamment sur internet. Les cr\u00e9ateurs contemporains r\u00e9utilisent les symboles religieux de diverses mani\u00e8res : comme vecteurs d&rsquo;une qu\u00eate spirituelle personnelle, comme outils d&rsquo;exploration identitaire et culturelle, ou comme moyens de critique sociale. Cette tendance refl\u00e8te un besoin de transcendance dans un monde num\u00e9rique, tout en soulevant des questions sur la compr\u00e9hension et l&rsquo;interpr\u00e9tation de ces symboles par le public.<\/p>\n<\/div>\n<p>&nbsp;<\/p>\n<p>[\/et_pb_text][\/et_pb_column][\/et_pb_row][et_pb_row column_structure=\u00a0\u00bb1_2,1_2&Prime; admin_label=\u00a0\u00bbAPP MOBILE \u00a0\u00bb _builder_version=\u00a0\u00bb4.27.3&Prime; _module_preset=\u00a0\u00bb99bedd41-a8aa-499a-9bb1-b6bb37b28faa\u00a0\u00bb custom_padding=\u00a0\u00bb29px|80px||80px|false|false\u00a0\u00bb locked=\u00a0\u00bboff\u00a0\u00bb global_colors_info=\u00a0\u00bb{}\u00a0\u00bb][et_pb_column type=\u00a0\u00bb1_2&Prime; _builder_version=\u00a0\u00bb4.16&Prime; _module_preset=\u00a0\u00bbdefault\u00a0\u00bb global_colors_info=\u00a0\u00bb{}\u00a0\u00bb][et_pb_gallery gallery_ids=\u00a0\u00bb10579,10578&Prime; fullwidth=\u00a0\u00bbon\u00a0\u00bb _builder_version=\u00a0\u00bb4.27.3&Prime; _module_preset=\u00a0\u00bbdefault\u00a0\u00bb global_colors_info=\u00a0\u00bb{}\u00a0\u00bb][\/et_pb_gallery][\/et_pb_column][et_pb_column type=\u00a0\u00bb1_2&Prime; _builder_version=\u00a0\u00bb4.27.3&Prime; _module_preset=\u00a0\u00bbdefault\u00a0\u00bb global_colors_info=\u00a0\u00bb{}\u00a0\u00bb][et_pb_text _builder_version=\u00a0\u00bb4.27.3&Prime; _module_preset=\u00a0\u00bbdefault\u00a0\u00bb text_font=\u00a0\u00bbsofia pro light||||||||\u00a0\u00bb text_font_size=\u00a0\u00bb17px\u00a0\u00bb header_2_font=\u00a0\u00bbsofia pro light||||||||\u00a0\u00bb header_3_font=\u00a0\u00bbsofia pro light||||||||\u00a0\u00bb inline_fonts=\u00a0\u00bbsofia pro medium\u00a0\u00bb global_colors_info=\u00a0\u00bb{}\u00a0\u00bb]<\/p>\n<h2>ALEXIA BOSCHET<\/h2>\n<h3 id=\"meta-origin\" data-coolorigin=\"https%3A%2F%2Fedition.apps.education.fr%2Fcool%2Fclipboard%3FWOPISrc%3Dhttps%253A%252F%252Fnuage01.apps.education.fr%252Findex.php%252Fapps%252Frichdocuments%252Fwopi%252Ffiles%252F144187275_ocvvam43x8hs%26ServerId%3Dad327e06%26ViewId%3D4%26Tag%3D262f97634bf99838\">L\u2019illectronisme de la g\u00e9n\u00e9ration alpha<\/h3>\n<div id=\"meta-origin\" data-coolorigin=\"https%3A%2F%2Fedition.apps.education.fr%2Fcool%2Fclipboard%3FWOPISrc%3Dhttps%253A%252F%252Fnuage01.apps.education.fr%252Findex.php%252Fapps%252Frichdocuments%252Fwopi%252Ffiles%252F144187275_ocvvam43x8hs%26ServerId%3Dad327e06%26ViewId%3D4%26Tag%3D262f97634bf99838\">\n<p>Venant du m\u00e9lange entre \u00e9lectronique et illettrisme, le terme illectronisme vint le jour dans l\u2019optique de d\u00e9crire les personnes n\u2019ayant pas de connaissances, ou alors, des connaissances partielles des outils du num\u00e9rique. Les victimes de cet illectronisme nous semblent \u00eatre logiquement, les personnes \u00e2g\u00e9es, mais cependant la r\u00e9alit\u00e9 est toute autre. Les jeunes g\u00e9n\u00e9rations en sont \u00e9galement des victimes. La g\u00e9n\u00e9ration alpha, par exemple, n\u00e9e apr\u00e8s 2010, cette g\u00e9n\u00e9ration souffre \u00e9galement d\u2019illectronisme mais celui-ci est cach\u00e9. Il ne se voit pas, mais pourtant il est l\u00e0. L\u2019utilisation passive du num\u00e9rique dans le but de se divertir r\u00e9duit grandement la capacit\u00e9 d\u2019attention et bloque une possible utilisation plus active pour apprendre \u00e0 s\u2019en servir. La question se pose alors, comment aider cette g\u00e9n\u00e9ration ? La piste que je vais suivre va \u00eatre celle de la \u00ab Gamification \u00bb.<\/p>\n<\/div>\n<p><strong><\/strong><\/p>\n<p>[\/et_pb_text][\/et_pb_column][\/et_pb_row][et_pb_row column_structure=\u00a0\u00bb1_2,1_2&Prime; admin_label=\u00a0\u00bbAPP MOBILE \u00a0\u00bb _builder_version=\u00a0\u00bb4.27.3&Prime; _module_preset=\u00a0\u00bb99bedd41-a8aa-499a-9bb1-b6bb37b28faa\u00a0\u00bb height=\u00a0\u00bb1000px\u00a0\u00bb max_height=\u00a0\u00bb580px\u00a0\u00bb locked=\u00a0\u00bboff\u00a0\u00bb global_colors_info=\u00a0\u00bb{}\u00a0\u00bb][et_pb_column type=\u00a0\u00bb1_2&Prime; _builder_version=\u00a0\u00bb4.16&Prime; _module_preset=\u00a0\u00bbdefault\u00a0\u00bb global_colors_info=\u00a0\u00bb{}\u00a0\u00bb][et_pb_gallery gallery_ids=\u00a0\u00bb10771,10770,10769,10774,10768,10767,10773&Prime; fullwidth=\u00a0\u00bbon\u00a0\u00bb _builder_version=\u00a0\u00bb4.27.3&Prime; _module_preset=\u00a0\u00bbdefault\u00a0\u00bb width=\u00a0\u00bb49%\u00a0\u00bb module_alignment=\u00a0\u00bbleft\u00a0\u00bb global_colors_info=\u00a0\u00bb{}\u00a0\u00bb][\/et_pb_gallery][\/et_pb_column][et_pb_column type=\u00a0\u00bb1_2&Prime; _builder_version=\u00a0\u00bb4.27.3&Prime; _module_preset=\u00a0\u00bbdefault\u00a0\u00bb global_colors_info=\u00a0\u00bb{}\u00a0\u00bb][et_pb_text _builder_version=\u00a0\u00bb4.27.3&Prime; _module_preset=\u00a0\u00bbdefault\u00a0\u00bb text_font=\u00a0\u00bbsofia pro light||||||||\u00a0\u00bb text_text_color=\u00a0\u00bb#939393&Prime; text_font_size=\u00a0\u00bb17px\u00a0\u00bb header_3_font=\u00a0\u00bbsofia pro medium||||||||\u00a0\u00bb global_colors_info=\u00a0\u00bb{}\u00a0\u00bb]<\/p>\n<h2>ANDRIANA RODCHUK<\/h2>\n<h1>Identit\u00e9s Plurielles<\/h1>\n<p>Le design num\u00e9rique comme outil facilitateur de la multiculture<br \/>\nProbl\u00e9matique\u00a0: Comment le design pourrait-il devenir un outil facilitant l\u2019int\u00e9gration des adolescents immigr\u00e9s tout en valorisant leurs identit\u00e9s culturelles multiples\u00a0?<\/p>\n<p>La mondialisation et la croissance de flux migratoires contribuent \u00e0 la formation d\u2019identit\u00e9s culturelles hybrides.<br \/>\nBien qu\u2019enrichissante, cette hybridation s\u2019accompagne souvent de d\u00e9fis comme la perte de rep\u00e8res ou encore de crises identitaires\u00a0 (abandonner ou non sa culture d\u2019origine).<\/p>\n<p>Pour les adolescents immigr\u00e9s, cette p\u00e9riode peut \u00eatre particuli\u00e8rement difficile : en pleine construction identitaire, de recherche de soi et de sa place dans le monde, ces jeunes voient leur vie basculer. Il se trouvent \u00e0 la crois\u00e9e de deux mondes culturels et doivent jongler entre l\u2019adaptation dans le nouvel environnement et la pr\u00e9servation de racines, de leur h\u00e9ritage.<\/p>\n<p>Cet article universitaire explore comment le design graphique et num\u00e9rique peut devenir un outil permettant de promouvoir le partage, l\u2019\u00e9change et la communication interculturelle, tout en aidant ces jeunes \u00e0 percevoir leurs identit\u00e9s plurielles comme une force et une richesse.<br \/>\n&nbsp;[\/et_pb_text][\/et_pb_column][\/et_pb_row][\/et_pb_section]<\/p>\n","protected":false},"excerpt":{"rendered":"<p>S\u00e9lection de M\u00e9moiresTOM LATOUR Du Viril au sensible Cet article a pour but de sensibilis\u00e9 aux probl\u00e8mes de gestion des \u00e9motions chez les hommes et \u00e0 leurs impacts sur eux-m\u00eames et la soci\u00e9t\u00e9. Malgr\u00e9 l\u2019\u00e9volution des symboles de masculinit\u00e9, les st\u00e9r\u00e9otypes de genre restent ancr\u00e9s, et l\u2019homme fort et sans \u00e9motions reste un mod\u00e8le dominant. [&hellip;]<\/p>\n","protected":false},"author":1,"featured_media":0,"parent":0,"menu_order":0,"comment_status":"closed","ping_status":"closed","template":"","meta":{"_et_pb_use_builder":"on","_et_pb_old_content":"","_et_gb_content_width":"","footnotes":""},"class_list":["post-10526","page","type-page","status-publish","hentry"],"_links":{"self":[{"href":"https:\/\/designgoscinny.com\/index.php\/wp-json\/wp\/v2\/pages\/10526","targetHints":{"allow":["GET"]}}],"collection":[{"href":"https:\/\/designgoscinny.com\/index.php\/wp-json\/wp\/v2\/pages"}],"about":[{"href":"https:\/\/designgoscinny.com\/index.php\/wp-json\/wp\/v2\/types\/page"}],"author":[{"embeddable":true,"href":"https:\/\/designgoscinny.com\/index.php\/wp-json\/wp\/v2\/users\/1"}],"replies":[{"embeddable":true,"href":"https:\/\/designgoscinny.com\/index.php\/wp-json\/wp\/v2\/comments?post=10526"}],"version-history":[{"count":20,"href":"https:\/\/designgoscinny.com\/index.php\/wp-json\/wp\/v2\/pages\/10526\/revisions"}],"predecessor-version":[{"id":10787,"href":"https:\/\/designgoscinny.com\/index.php\/wp-json\/wp\/v2\/pages\/10526\/revisions\/10787"}],"wp:attachment":[{"href":"https:\/\/designgoscinny.com\/index.php\/wp-json\/wp\/v2\/media?parent=10526"}],"curies":[{"name":"wp","href":"https:\/\/api.w.org\/{rel}","templated":true}]}}