{"id":10693,"date":"2025-06-26T11:47:12","date_gmt":"2025-06-26T09:47:12","guid":{"rendered":"https:\/\/designgoscinny.com\/?page_id=10693"},"modified":"2025-09-29T11:22:33","modified_gmt":"2025-09-29T09:22:33","slug":"projet-de-diplomes-graphisme","status":"publish","type":"page","link":"https:\/\/designgoscinny.com\/index.php\/projet-de-diplomes-graphisme\/","title":{"rendered":"PROJET DE DIPLOMES GRAPHISME"},"content":{"rendered":"<p>[et_pb_section fb_built=\u00a0\u00bb1&Prime; admin_label=\u00a0\u00bbHeader\u00a0\u00bb _builder_version=\u00a0\u00bb4.24.2&Prime; _module_preset=\u00a0\u00bbdefault\u00a0\u00bb collapsed=\u00a0\u00bboff\u00a0\u00bb global_colors_info=\u00a0\u00bb{}\u00a0\u00bb][et_pb_row _builder_version=\u00a0\u00bb4.24.2&Prime; _module_preset=\u00a0\u00bbdefault\u00a0\u00bb width=\u00a0\u00bb90%\u00a0\u00bb max_width=\u00a0\u00bbnone\u00a0\u00bb global_colors_info=\u00a0\u00bb{}\u00a0\u00bb][et_pb_column type=\u00a0\u00bb4_4&Prime; _builder_version=\u00a0\u00bb4.24.2&Prime; _module_preset=\u00a0\u00bbdefault\u00a0\u00bb global_colors_info=\u00a0\u00bb{}\u00a0\u00bb][et_pb_text _builder_version=\u00a0\u00bb4.27.3&Prime; _module_preset=\u00a0\u00bbdaf64247-eefa-4fee-a0dc-a3b069039322&Prime; text_font=\u00a0\u00bbsofia pro medium||||||||\u00a0\u00bb header_font=\u00a0\u00bbsofia pro light|500||on|||||\u00a0\u00bb header_font_size=\u00a0\u00bb6vw\u00a0\u00bb hover_enabled=\u00a0\u00bb0&Prime; global_colors_info=\u00a0\u00bb{}\u00a0\u00bb sticky_enabled=\u00a0\u00bb0&Prime;]<\/p>\n<h1> PROJETS DE DIPL\u00f4MES <\/h1>\n<p>[\/et_pb_text][\/et_pb_column][\/et_pb_row][et_pb_row column_structure=\u00a0\u00bb1_2,1_2&Prime; admin_label=\u00a0\u00bbemeline \u00a0\u00bb _builder_version=\u00a0\u00bb4.27.3&Prime; _module_preset=\u00a0\u00bb99bedd41-a8aa-499a-9bb1-b6bb37b28faa\u00a0\u00bb locked=\u00a0\u00bboff\u00a0\u00bb global_colors_info=\u00a0\u00bb{}\u00a0\u00bb][et_pb_column type=\u00a0\u00bb1_2&Prime; _builder_version=\u00a0\u00bb4.16&Prime; _module_preset=\u00a0\u00bbdefault\u00a0\u00bb global_colors_info=\u00a0\u00bb{}\u00a0\u00bb][et_pb_gallery gallery_ids=\u00a0\u00bb10683,10682,10681,10680,10679&Prime; fullwidth=\u00a0\u00bbon\u00a0\u00bb _builder_version=\u00a0\u00bb4.27.3&Prime; _module_preset=\u00a0\u00bbdefault\u00a0\u00bb global_colors_info=\u00a0\u00bb{}\u00a0\u00bb][\/et_pb_gallery][\/et_pb_column][et_pb_column type=\u00a0\u00bb1_2&Prime; _builder_version=\u00a0\u00bb4.27.3&Prime; _module_preset=\u00a0\u00bbdefault\u00a0\u00bb global_colors_info=\u00a0\u00bb{}\u00a0\u00bb][et_pb_text _builder_version=\u00a0\u00bb4.27.3&Prime; _module_preset=\u00a0\u00bbdefault\u00a0\u00bb text_font=\u00a0\u00bbsofia pro light||||||||\u00a0\u00bb text_text_color=\u00a0\u00bb#939393&Prime; text_font_size=\u00a0\u00bb17px\u00a0\u00bb header_2_font=\u00a0\u00bbsofia pro medium||||||||\u00a0\u00bb header_3_font=\u00a0\u00bbsofia pro medium||||||||\u00a0\u00bb global_colors_info=\u00a0\u00bb{}\u00a0\u00bb]<\/p>\n<div id=\"meta-origin\" data-coolorigin=\"https%3A%2F%2Fedition.apps.education.fr%2Fcool%2Fclipboard%3FWOPISrc%3Dhttps%253A%252F%252Fnuage01.apps.education.fr%252Findex.php%252Fapps%252Frichdocuments%252Fwopi%252Ffiles%252F125799611_ocvvam43x8hs%26ServerId%3D34facc62%26ViewId%3D4%26Tag%3Da6b355021a659852\">\n<h2>Emeline Hur\u00e9<\/h2>\n<p id=\"meta-origin\" data-coolorigin=\"https%3A%2F%2Fedition.apps.education.fr%2Fcool%2Fclipboard%3FWOPISrc%3Dhttps%253A%252F%252Fnuage01.apps.education.fr%252Findex.php%252Fapps%252Frichdocuments%252Fwopi%252Ffiles%252F125802742_ocvvam43x8hs%26ServerId%3Df1a1a002%26ViewId%3D4%26Tag%3D8a9720e6a585fdee\">Ce projet propose une exploration des mythes et r\u00e9alit\u00e9s de l\u2019\u00e9levage intensif, en mettant en lumi\u00e8re ses impacts majeurs sur les animaux, la sant\u00e9 humaine et l\u2019environnement. Il s\u2019inscrit dans le cadre d\u2019une collaboration avec CIWF, ONG internationale engag\u00e9e pour la fin des syst\u00e8mes d\u2019\u00e9levage intensif et la promotion d\u2019une alimentation plus responsable. Leur message est clair : manger moins, mais mieux.L\u2019objectif du projet est double : favoriser une prise de conscience et encourager des changements durables dans nos modes de consommation.Afin de toucher un public souvent r\u00e9fractaire aux images violentes et largement utilis\u00e9es dans les campagnes de sensibilisation, l\u2019illustration a \u00e9t\u00e9 choisie comme principal outil de communication. Ce choix permet de trouver un \u00e9quilibre entre la n\u00e9cessit\u00e9 de rendre compte d\u2019une r\u00e9alit\u00e9 probl\u00e9matique sans recourir \u00e0 des images agressives ni pour autant trop \u00e9dulcorer. En s\u2019appuyant sur une esth\u00e9tique visuelle forte inspir\u00e9e des codes de l\u2019industrie agroalimentaire (couleurs vives, visuels s\u00e9duisants d&rsquo;apparence). La strat\u00e9gie repose sur un d\u00e9tournement graphique : attirer par le beau pour mieux questionner.Le projet se d\u00e9cline pour deux canaux de diffusion avec une \u00e9dition imprim\u00e9e, structur\u00e9e en chapitres th\u00e9matiques et une campagne digitale, sp\u00e9cifiquement con\u00e7ue pour les r\u00e9seaux sociaux.Gr\u00e2ce \u00e0 un travail sur le rythme narratif, la variation des mises en page et le traitement visuel des contenus, le projet vise \u00e0 soutenir l\u2019attention et faciliter la compr\u00e9hension d\u2019un sujet souvent per\u00e7u comme complexe ou d\u00e9rangeant.<\/p>\n<\/div>\n<p>&nbsp;<\/p>\n<p>[\/et_pb_text][\/et_pb_column][\/et_pb_row][et_pb_row column_structure=\u00a0\u00bb1_2,1_2&Prime; admin_label=\u00a0\u00bboc\u00e9ane \u00a0\u00bb _builder_version=\u00a0\u00bb4.27.3&Prime; _module_preset=\u00a0\u00bb99bedd41-a8aa-499a-9bb1-b6bb37b28faa\u00a0\u00bb locked=\u00a0\u00bboff\u00a0\u00bb global_colors_info=\u00a0\u00bb{}\u00a0\u00bb][et_pb_column type=\u00a0\u00bb1_2&Prime; _builder_version=\u00a0\u00bb4.16&Prime; _module_preset=\u00a0\u00bbdefault\u00a0\u00bb global_colors_info=\u00a0\u00bb{}\u00a0\u00bb][et_pb_gallery gallery_ids=\u00a0\u00bb10709,10711,10714,10713,10712&Prime; fullwidth=\u00a0\u00bbon\u00a0\u00bb _builder_version=\u00a0\u00bb4.27.3&Prime; _module_preset=\u00a0\u00bbdefault\u00a0\u00bb global_colors_info=\u00a0\u00bb{}\u00a0\u00bb][\/et_pb_gallery][\/et_pb_column][et_pb_column type=\u00a0\u00bb1_2&Prime; _builder_version=\u00a0\u00bb4.27.3&Prime; _module_preset=\u00a0\u00bbdefault\u00a0\u00bb global_colors_info=\u00a0\u00bb{}\u00a0\u00bb][et_pb_text _builder_version=\u00a0\u00bb4.27.3&Prime; _module_preset=\u00a0\u00bbdefault\u00a0\u00bb text_font=\u00a0\u00bbsofia pro light||||||||\u00a0\u00bb text_text_color=\u00a0\u00bb#939393&Prime; text_font_size=\u00a0\u00bb17px\u00a0\u00bb header_2_font=\u00a0\u00bbsofia pro medium||||||||\u00a0\u00bb header_3_font=\u00a0\u00bbsofia pro medium||||||||\u00a0\u00bb global_colors_info=\u00a0\u00bb{}\u00a0\u00bb]<\/p>\n<div id=\"meta-origin\" data-coolorigin=\"https%3A%2F%2Fedition.apps.education.fr%2Fcool%2Fclipboard%3FWOPISrc%3Dhttps%253A%252F%252Fnuage01.apps.education.fr%252Findex.php%252Fapps%252Frichdocuments%252Fwopi%252Ffiles%252F125799611_ocvvam43x8hs%26ServerId%3D34facc62%26ViewId%3D4%26Tag%3Da6b355021a659852\">\n<h2>Oc\u00e9ane Douchez\u00a0<\/h2>\n<div id=\"meta-origin\" data-coolorigin=\"https%3A%2F%2Fedition.apps.education.fr%2Fcool%2Fclipboard%3FWOPISrc%3Dhttps%253A%252F%252Fnuage01.apps.education.fr%252Findex.php%252Fapps%252Frichdocuments%252Fwopi%252Ffiles%252F125802742_ocvvam43x8hs%26ServerId%3D9b22e24c%26ViewId%3D4%26Tag%3Db2899278d30aaa9d\">\n<p>Kit p\u00e9dagogique pour l&rsquo;inclusion des \u00e9l\u00e8ves TDAH en CE1<\/p>\n<\/div>\n<div id=\"meta-origin\" data-coolorigin=\"https%3A%2F%2Fedition.apps.education.fr%2Fcool%2Fclipboard%3FWOPISrc%3Dhttps%253A%252F%252Fnuage01.apps.education.fr%252Findex.php%252Fapps%252Frichdocuments%252Fwopi%252Ffiles%252F125802742_ocvvam43x8hs%26ServerId%3D9b22e24c%26ViewId%3D4%26Tag%3Db2899278d30aaa9d\">\n<p><a name=\"__DdeLink__263_2113138193\"><\/a>Dans le cadre de mon projet, j\u2019ai d\u00e9velopp\u00e9 un kit p\u00e9dagogique \u00e0 destination des classes de CE1, pens\u00e9 pour favoriser l\u2019inclusion scolaire des \u00e9l\u00e8ves pr\u00e9sentant un Trouble D\u00e9ficitaire de l\u2019Attention avec ou sans Hyperactivit\u00e9.<\/p>\n<p>Le kit comporte les \u00e9l\u00e9ments suivants :<\/p>\n<ul>\n<li>\n<p>Guide de lecture : aide visuelle pour am\u00e9liorer la concentration, \u00e9viter les sauts de lignes et faciliter une lecture plus fluide. Discret, il peut \u00eatre utilis\u00e9 par toute la classe.<\/p>\n<\/li>\n<li>\n<p>Jeu de formes en feutrine : outil sensoriel, qui stimule la m\u00e9moire visuelle, la concentration et l\u2019apaisement \u00e0 travers la manipulation.<\/p>\n<\/li>\n<\/ul>\n<ul>\n<li>\n<p>Carnet des \u00e9motions : support ludique pour aider les \u00e9l\u00e8ves \u00e0 reconna\u00eetre et exprimer leurs \u00e9motions, utilisable en autonomie ou en exercice en classe.<\/p>\n<\/li>\n<\/ul>\n<ul>\n<li>\n<p>Cartes sympt\u00f4mes : destin\u00e9es \u00e0 aider les enseignants \u00e0 identifier les signes du TDAH et mieux comprendre ces \u00e9l\u00e8ves.<\/p>\n<\/li>\n<li>\n<p>Stickers de classe : rep\u00e8res visuels \u00e0 coller dans l\u2019espace ou sur le mat\u00e9riel, pour aider \u00e0 la concentration et \u00e0 la r\u00e9gulation \u00e9motionnelle, utilisables par tous les \u00e9l\u00e8ves.<\/p>\n<\/li>\n<\/ul>\n<ul>\n<li>\n<p>Cahiers de devoirs adapt\u00e9s : con\u00e7us pour les \u00e9l\u00e8ves TDAH, avec une mise en page structur\u00e9e aux contrastes doux et une reliure adapt\u00e9e.<\/p>\n<\/li>\n<\/ul>\n<ul>\n<li>\n<p>Livrets des enseignants : guides pratiques compilant des renseignements, des conseils d\u2019adaptation graphique, des am\u00e9nagements scolaires et des ressources d\u2019accompagnement.<\/p>\n<\/li>\n<\/ul>\n<p>Mon objectif \u00e9tait de concevoir un projet \u00e0 la fois informatif, ludique et inclusif, en exploitant le design graphique comme levier de m\u00e9diation et d\u2019accessibilit\u00e9. Le projet a \u00e9galement int\u00e9gr\u00e9 une r\u00e9flexion sur l\u2019identit\u00e9 visuelle, afin de valoriser la coh\u00e9rence et l\u2019impact de la d\u00e9marche.<\/p>\n<\/div>\n<\/div>\n<p>&nbsp;<\/p>\n<p>[\/et_pb_text][\/et_pb_column][\/et_pb_row][et_pb_row column_structure=\u00a0\u00bb1_2,1_2&Prime; admin_label=\u00a0\u00bblino \u00a0\u00bb _builder_version=\u00a0\u00bb4.27.3&Prime; _module_preset=\u00a0\u00bb99bedd41-a8aa-499a-9bb1-b6bb37b28faa\u00a0\u00bb locked=\u00a0\u00bboff\u00a0\u00bb global_colors_info=\u00a0\u00bb{}\u00a0\u00bb][et_pb_column type=\u00a0\u00bb1_2&Prime; _builder_version=\u00a0\u00bb4.16&Prime; _module_preset=\u00a0\u00bbdefault\u00a0\u00bb global_colors_info=\u00a0\u00bb{}\u00a0\u00bb][et_pb_gallery gallery_ids=\u00a0\u00bb10703,10704,10705,10706,10708,10710,10707&Prime; fullwidth=\u00a0\u00bbon\u00a0\u00bb _builder_version=\u00a0\u00bb4.27.3&Prime; _module_preset=\u00a0\u00bbdefault\u00a0\u00bb global_colors_info=\u00a0\u00bb{}\u00a0\u00bb][\/et_pb_gallery][\/et_pb_column][et_pb_column type=\u00a0\u00bb1_2&Prime; _builder_version=\u00a0\u00bb4.27.3&Prime; _module_preset=\u00a0\u00bbdefault\u00a0\u00bb global_colors_info=\u00a0\u00bb{}\u00a0\u00bb][et_pb_text _builder_version=\u00a0\u00bb4.27.3&Prime; _module_preset=\u00a0\u00bbdefault\u00a0\u00bb text_font=\u00a0\u00bbsofia pro light||||||||\u00a0\u00bb text_text_color=\u00a0\u00bb#939393&Prime; text_font_size=\u00a0\u00bb17px\u00a0\u00bb header_2_font=\u00a0\u00bbsofia pro medium||||||||\u00a0\u00bb header_3_font=\u00a0\u00bbsofia pro medium||||||||\u00a0\u00bb global_colors_info=\u00a0\u00bb{}\u00a0\u00bb]<\/p>\n<div id=\"meta-origin\" data-coolorigin=\"https%3A%2F%2Fedition.apps.education.fr%2Fcool%2Fclipboard%3FWOPISrc%3Dhttps%253A%252F%252Fnuage01.apps.education.fr%252Findex.php%252Fapps%252Frichdocuments%252Fwopi%252Ffiles%252F125799611_ocvvam43x8hs%26ServerId%3D34facc62%26ViewId%3D4%26Tag%3Da6b355021a659852\">\n<h2>Lino Brochard\u00a0<\/h2>\n<div id=\"meta-origin\" data-coolorigin=\"https%3A%2F%2Fedition.apps.education.fr%2Fcool%2Fclipboard%3FWOPISrc%3Dhttps%253A%252F%252Fnuage01.apps.education.fr%252Findex.php%252Fapps%252Frichdocuments%252Fwopi%252Ffiles%252F125802742_ocvvam43x8hs%26ServerId%3D9b22e24c%26ViewId%3D4%26Tag%3Db2899278d30aaa9d\">\n<p>Typographie pour la ville de Nice<\/p>\n<p>La mondialisation et le num\u00e9rique cr\u00e9ent une dynamique homog\u00e9n\u00e9isante pour les cultures locales. Mon projet se pr\u00e9sente comme la premi\u00e8re \u00e9tape d\u2019un projet r\u00e9gional visant \u00e0 renforcer l\u2019identit\u00e9 des entit\u00e9s importantes et s\u2019articule comme un outil mis \u00e0 disposition de ces populations.<\/p>\n<p>La typographie La Bella, pour la ville de Nice, s\u2019inspire du m\u00e9lange surprenant du chic-d\u00e9contract\u00e9 de la french Riviera, de la mer et du soleil. Cela se mat\u00e9rialise dans le dessin de caract\u00e8re par la pr\u00e9sence de pleins et de d\u00e9li\u00e9s, d\u2019empattements discrets et d\u2019angles arrondis le tout agr\u00e9ment\u00e9 de traverses ondulantes.<\/p>\n<p>Pour que la typographie contribue efficacement \u00e0 la pr\u00e9servation d\u2019une identit\u00e9 culturelle, il est essentiel qu\u2019elle soit adopt\u00e9e et r\u00e9interpr\u00e9t\u00e9e par les communaut\u00e9s elles-m\u00eames. Elle est donc gratuite, libre d\u2019acc\u00e8s et \u00e0 pour volont\u00e9 d\u2019\u00eatre utilis\u00e9e par les habitants de la ville. Au-del\u00e0 de sa conception, afin de la promouvoir, elle s\u2019accompagne d\u2019un sp\u00e9cimen typographique d\u00e9pliant et d\u2019une \u00e9dition de po\u00e8mes en Nissart (langue locale). Ils pourront \u00eatre distribu\u00e9s, dans diff\u00e9rents espaces, comme l\u2019office du tourisme, les maisons des associations ou encore les espaces culturels.<\/p>\n<\/div>\n<\/div>\n<p>&nbsp;<\/p>\n<p>[\/et_pb_text][\/et_pb_column][\/et_pb_row][et_pb_row column_structure=\u00a0\u00bb1_2,1_2&Prime; admin_label=\u00a0\u00bblino \u00a0\u00bb _builder_version=\u00a0\u00bb4.27.3&Prime; _module_preset=\u00a0\u00bb99bedd41-a8aa-499a-9bb1-b6bb37b28faa\u00a0\u00bb locked=\u00a0\u00bboff\u00a0\u00bb global_colors_info=\u00a0\u00bb{}\u00a0\u00bb][et_pb_column type=\u00a0\u00bb1_2&Prime; _builder_version=\u00a0\u00bb4.16&Prime; _module_preset=\u00a0\u00bbdefault\u00a0\u00bb global_colors_info=\u00a0\u00bb{}\u00a0\u00bb][et_pb_gallery gallery_ids=\u00a0\u00bb10790,10791,10792,10793&Prime; fullwidth=\u00a0\u00bbon\u00a0\u00bb _builder_version=\u00a0\u00bb4.27.3&Prime; _module_preset=\u00a0\u00bbdefault\u00a0\u00bb hover_enabled=\u00a0\u00bb0&Prime; global_colors_info=\u00a0\u00bb{}\u00a0\u00bb sticky_enabled=\u00a0\u00bb0&Prime;][\/et_pb_gallery][\/et_pb_column][et_pb_column type=\u00a0\u00bb1_2&Prime; _builder_version=\u00a0\u00bb4.27.3&Prime; _module_preset=\u00a0\u00bbdefault\u00a0\u00bb global_colors_info=\u00a0\u00bb{}\u00a0\u00bb][et_pb_text _builder_version=\u00a0\u00bb4.27.3&Prime; _module_preset=\u00a0\u00bbdefault\u00a0\u00bb text_font=\u00a0\u00bbsofia pro light||||||||\u00a0\u00bb text_text_color=\u00a0\u00bb#939393&Prime; text_font_size=\u00a0\u00bb17px\u00a0\u00bb header_2_font=\u00a0\u00bbsofia pro medium||||||||\u00a0\u00bb header_3_font=\u00a0\u00bbsofia pro medium||||||||\u00a0\u00bb hover_enabled=\u00a0\u00bb0&Prime; global_colors_info=\u00a0\u00bb{}\u00a0\u00bb sticky_enabled=\u00a0\u00bb0&Prime;]<\/p>\n<div id=\"meta-origin\" data-coolorigin=\"https%3A%2F%2Fedition.apps.education.fr%2Fcool%2Fclipboard%3FWOPISrc%3Dhttps%253A%252F%252Fnuage01.apps.education.fr%252Findex.php%252Fapps%252Frichdocuments%252Fwopi%252Ffiles%252F125799611_ocvvam43x8hs%26ServerId%3D34facc62%26ViewId%3D4%26Tag%3Da6b355021a659852\">\n<h2>Malory Brocart<\/h2>\n<div id=\"meta-origin\" data-coolorigin=\"https%3A%2F%2Fedition.apps.education.fr%2Fcool%2Fclipboard%3FWOPISrc%3Dhttps%253A%252F%252Fnuage01.apps.education.fr%252Findex.php%252Fapps%252Frichdocuments%252Fwopi%252Ffiles%252F125802742_ocvvam43x8hs%26ServerId%3D9b22e24c%26ViewId%3D4%26Tag%3Db2899278d30aaa9d\">\n<p>Quand lire l\u2019emballage devient un jeu d\u2019enfant.<\/p>\n<p>Ce travail fait suite \u00e0 une r\u00e9flexion autour de la lecture des emballages alimentaires, leur compr\u00e9hension et l\u2019apprentissage de l\u2019\u00c9ducation au D\u00e9veloppement Durable (EDD) en Cours Pr\u00e9paratoire (CP). Comment comprendre les informations complexes d\u2019un emballage ? Comment est-il produit, vit-il et est-il recycl\u00e9 ?<\/p>\n<p>Pens\u00e9 pour \u00eatre \u00e9volutif, ce projet a pour objectif d\u2019\u00eatre un outil pour les enseignants permettant d\u2019accompagner leurs s\u00e9quences p\u00e9dagogiques tout au long de l\u2019ann\u00e9e, passant d\u2019outil de m\u00e9diation \u00e0 un apprentissage en autonomie. Ce kit didactique invite les enfants \u00e0 \u00e9changer sur l\u2019impact des emballages alimentaires et plus g\u00e9n\u00e9ralement sur l\u2019environnement. Il est compos\u00e9 d\u2019un jeu de plateau reprenant le processus global de vie d\u2019un emballage, de cartes servant \u00e0 la fois de memory sur le recyclage, de dobble synth\u00e9tisant le cycle de vie d\u2019un objet\u2026 Chaque \u00e9l\u00e9ment a \u00e9t\u00e9 con\u00e7u pour avoir de multiples utilisations tout en \u00e9tant fabriqu\u00e9 dans des mat\u00e9riaux durables. <\/p>\n<p>La r\u00e9p\u00e9tition des notions \u00e0 travers divers jeux induit une m\u00e9morisation chez l\u2019enfant tout en trouvant un \u00e9quilibre entre amusement et connaissance. Ce syst\u00e8me permet de d\u00e9passer le d\u00e9sint\u00e9r\u00eat de la mati\u00e8re d\u2019EDD en effa\u00e7ant l\u2019aspect monotone que peut avoir le sujet au premier abord. <\/p>\n<p>En collaboration avec divers acteurs institutionnels tels que l\u2019\u00e9cole primaire Knecht \u00e0 Drap, le Tiers lieu \u00e9ducatif, Les temps de l&rsquo;enfant de Marseille op\u00e9r\u00e9 par R\u00e9seau Canop\u00e9 dans le cadre d\u2019une formation suivi et d\u2019acteurs locaux de la r\u00e9gion. Ce projet s\u2019enrichit par les connaissances et comp\u00e9tences de chaque acteur afin de r\u00e9pondre au mieux \u00e0 ces enjeux.<\/p>\n<\/div>\n<\/div>\n<p>&nbsp;[\/et_pb_text][\/et_pb_column][\/et_pb_row][\/et_pb_section]<\/p>\n","protected":false},"excerpt":{"rendered":"<p>PROJETS DE DIPL\u00f4MES Emeline Hur\u00e9 Ce projet propose une exploration des mythes et r\u00e9alit\u00e9s de l\u2019\u00e9levage intensif, en mettant en lumi\u00e8re ses impacts majeurs sur les animaux, la sant\u00e9 humaine et l\u2019environnement. Il s\u2019inscrit dans le cadre d\u2019une collaboration avec CIWF, ONG internationale engag\u00e9e pour la fin des syst\u00e8mes d\u2019\u00e9levage intensif et la promotion d\u2019une [&hellip;]<\/p>\n","protected":false},"author":1,"featured_media":0,"parent":0,"menu_order":0,"comment_status":"closed","ping_status":"closed","template":"","meta":{"_et_pb_use_builder":"on","_et_pb_old_content":"","_et_gb_content_width":"","footnotes":""},"class_list":["post-10693","page","type-page","status-publish","hentry"],"_links":{"self":[{"href":"https:\/\/designgoscinny.com\/index.php\/wp-json\/wp\/v2\/pages\/10693","targetHints":{"allow":["GET"]}}],"collection":[{"href":"https:\/\/designgoscinny.com\/index.php\/wp-json\/wp\/v2\/pages"}],"about":[{"href":"https:\/\/designgoscinny.com\/index.php\/wp-json\/wp\/v2\/types\/page"}],"author":[{"embeddable":true,"href":"https:\/\/designgoscinny.com\/index.php\/wp-json\/wp\/v2\/users\/1"}],"replies":[{"embeddable":true,"href":"https:\/\/designgoscinny.com\/index.php\/wp-json\/wp\/v2\/comments?post=10693"}],"version-history":[{"count":13,"href":"https:\/\/designgoscinny.com\/index.php\/wp-json\/wp\/v2\/pages\/10693\/revisions"}],"predecessor-version":[{"id":10794,"href":"https:\/\/designgoscinny.com\/index.php\/wp-json\/wp\/v2\/pages\/10693\/revisions\/10794"}],"wp:attachment":[{"href":"https:\/\/designgoscinny.com\/index.php\/wp-json\/wp\/v2\/media?parent=10693"}],"curies":[{"name":"wp","href":"https:\/\/api.w.org\/{rel}","templated":true}]}}