{"id":10715,"date":"2025-06-27T10:37:44","date_gmt":"2025-06-27T08:37:44","guid":{"rendered":"https:\/\/designgoscinny.com\/?page_id=10715"},"modified":"2025-09-29T11:17:30","modified_gmt":"2025-09-29T09:17:30","slug":"projet-diplome-numerique","status":"publish","type":"page","link":"https:\/\/designgoscinny.com\/index.php\/projet-diplome-numerique\/","title":{"rendered":"PROJET DIPLOME NUMERIQUE"},"content":{"rendered":"<p>[et_pb_section fb_built=\u00a0\u00bb1&Prime; admin_label=\u00a0\u00bbHeader\u00a0\u00bb _builder_version=\u00a0\u00bb4.24.2&Prime; _module_preset=\u00a0\u00bbdefault\u00a0\u00bb collapsed=\u00a0\u00bboff\u00a0\u00bb global_colors_info=\u00a0\u00bb{}\u00a0\u00bb][et_pb_row _builder_version=\u00a0\u00bb4.24.2&Prime; _module_preset=\u00a0\u00bbdefault\u00a0\u00bb width=\u00a0\u00bb90%\u00a0\u00bb max_width=\u00a0\u00bbnone\u00a0\u00bb global_colors_info=\u00a0\u00bb{}\u00a0\u00bb][et_pb_column type=\u00a0\u00bb4_4&Prime; _builder_version=\u00a0\u00bb4.24.2&Prime; _module_preset=\u00a0\u00bbdefault\u00a0\u00bb global_colors_info=\u00a0\u00bb{}\u00a0\u00bb][et_pb_text _builder_version=\u00a0\u00bb4.27.3&Prime; _module_preset=\u00a0\u00bbdaf64247-eefa-4fee-a0dc-a3b069039322&Prime; text_font=\u00a0\u00bbsofia pro medium||||||||\u00a0\u00bb header_font=\u00a0\u00bbsofia pro light|500||on|||||\u00a0\u00bb header_font_size=\u00a0\u00bb6vw\u00a0\u00bb hover_enabled=\u00a0\u00bb0&Prime; global_colors_info=\u00a0\u00bb{}\u00a0\u00bb sticky_enabled=\u00a0\u00bb0&Prime;]<\/p>\n<h1>PROJETS DE DIPL\u00f4ME<\/h1>\n<p>[\/et_pb_text][\/et_pb_column][\/et_pb_row][et_pb_row column_structure=\u00a0\u00bb1_2,1_2&Prime; admin_label=\u00a0\u00bbCAMILLE \u00a0\u00bb _builder_version=\u00a0\u00bb4.27.3&Prime; _module_preset=\u00a0\u00bb99bedd41-a8aa-499a-9bb1-b6bb37b28faa\u00a0\u00bb locked=\u00a0\u00bboff\u00a0\u00bb global_colors_info=\u00a0\u00bb{}\u00a0\u00bb][et_pb_column type=\u00a0\u00bb1_2&Prime; _builder_version=\u00a0\u00bb4.16&Prime; _module_preset=\u00a0\u00bbdefault\u00a0\u00bb global_colors_info=\u00a0\u00bb{}\u00a0\u00bb][et_pb_gallery gallery_ids=\u00a0\u00bb10718,10719&Prime; fullwidth=\u00a0\u00bbon\u00a0\u00bb _builder_version=\u00a0\u00bb4.27.3&Prime; _module_preset=\u00a0\u00bbdefault\u00a0\u00bb global_colors_info=\u00a0\u00bb{}\u00a0\u00bb][\/et_pb_gallery][\/et_pb_column][et_pb_column type=\u00a0\u00bb1_2&Prime; _builder_version=\u00a0\u00bb4.27.3&Prime; _module_preset=\u00a0\u00bbdefault\u00a0\u00bb global_colors_info=\u00a0\u00bb{}\u00a0\u00bb][et_pb_text _builder_version=\u00a0\u00bb4.27.3&Prime; _module_preset=\u00a0\u00bbdefault\u00a0\u00bb text_font=\u00a0\u00bbsofia pro light||||||||\u00a0\u00bb text_text_color=\u00a0\u00bb#939393&Prime; text_font_size=\u00a0\u00bb17px\u00a0\u00bb header_2_font=\u00a0\u00bbsofia pro medium||||||||\u00a0\u00bb header_3_font=\u00a0\u00bbsofia pro medium||||||||\u00a0\u00bb global_colors_info=\u00a0\u00bb{}\u00a0\u00bb]<\/p>\n<div id=\"meta-origin\" data-coolorigin=\"https%3A%2F%2Fedition.apps.education.fr%2Fcool%2Fclipboard%3FWOPISrc%3Dhttps%253A%252F%252Fnuage01.apps.education.fr%252Findex.php%252Fapps%252Frichdocuments%252Fwopi%252Ffiles%252F125799611_ocvvam43x8hs%26ServerId%3D34facc62%26ViewId%3D4%26Tag%3Da6b355021a659852\">\n<h2>Camille Guiot<\/h2>\n<h3>M\u00e9diation artistique<\/h3>\n<div id=\"meta-origin\" data-coolorigin=\"https%3A%2F%2Fedition.apps.education.fr%2Fcool%2Fclipboard%3FWOPISrc%3Dhttps%253A%252F%252Fnuage01.apps.education.fr%252Findex.php%252Fapps%252Frichdocuments%252Fwopi%252Ffiles%252F144187943_ocvvam43x8hs%26ServerId%3Daa83de96%26ViewId%3D4%26Tag%3Dd2fa960800c8320e\">\n<p>Ce projet propose de concevoir, pour le FRAC \u00cele-de-France, une plateforme de m\u00e9diation num\u00e9rique non pros\u00e9lyte, destin\u00e9e \u00e0 d\u00e9crypter l\u2019usage croissant d\u2019iconographies religieuses dans la cr\u00e9ation visuelle contemporaine. Elle est pens\u00e9e comme un prolongement durable de l\u2019exposition \u00ab Imaginaires s\u00e9cularis\u00e9s : r\u00e9\u00e9mergences des symboles religieux dans notre culture visuelle \u00bb.Face \u00e0 l&rsquo;utilisation croissante des imageries religieuses, amplifi\u00e9e par la diffusion num\u00e9rique et leur banalisation progressive chez un public jeune et connect\u00e9, elle permet de comprendre comment les artistes s&rsquo;approprient ces symboles ancestraux pour interroger notre soci\u00e9t\u00e9 actuelle.<\/p>\n<p>Le dispositif vise \u00e0 nourrir la r\u00e9flexion symbolique tout en garantissant une navigation claire et facile. D\u00e9velopp\u00e9 en HTML\/CSS\/JS, il r\u00e9interpr\u00e8te et adapte l&rsquo;esth\u00e9tique de l\u2019archive visuelle traditionnelle pour rendre accessible et engageante la d\u00e9couverte des \u0153uvres.<\/p>\n<p>L&rsquo;interface propose un espace 3D interactif pour la d\u00e9couverte des \u0153uvres, une navigation intuitive et fluide, et une esth\u00e9tique \u00e9voquant la spiritualit\u00e9 \u00e0 travers des espaces blancs, la transparence et des lueurs subtiles.<\/p>\n<p>Cette approche r\u00e9pond aux besoins d&rsquo;une cible mature (18-35 ans) tout en pr\u00e9servant l&rsquo;int\u00e9grit\u00e9 artistique des \u0153uvres pr\u00e9sent\u00e9es.<\/p>\n<p>Le positionnement graphique consiste \u00e0 \u00ab\u00a0faire \u0153uvre\u00a0\u00bb avec la m\u00e9diation elle-m\u00eame, en cr\u00e9ant une interface o\u00f9 l&rsquo;esth\u00e9tique devient partie int\u00e9grante du propos.<\/p>\n<\/div>\n<\/div>\n<h2>\u00a0<\/h2>\n<p>&nbsp;<\/p>\n<p>[\/et_pb_text][\/et_pb_column][\/et_pb_row][et_pb_row column_structure=\u00a0\u00bb1_2,1_2&Prime; admin_label=\u00a0\u00bbTOM \u00a0\u00bb _builder_version=\u00a0\u00bb4.27.3&Prime; _module_preset=\u00a0\u00bb99bedd41-a8aa-499a-9bb1-b6bb37b28faa\u00a0\u00bb locked=\u00a0\u00bboff\u00a0\u00bb global_colors_info=\u00a0\u00bb{}\u00a0\u00bb][et_pb_column type=\u00a0\u00bb1_2&Prime; _builder_version=\u00a0\u00bb4.16&Prime; _module_preset=\u00a0\u00bbdefault\u00a0\u00bb global_colors_info=\u00a0\u00bb{}\u00a0\u00bb][et_pb_gallery gallery_ids=\u00a0\u00bb10724,10723,10722,10721&Prime; fullwidth=\u00a0\u00bbon\u00a0\u00bb _builder_version=\u00a0\u00bb4.27.3&Prime; _module_preset=\u00a0\u00bbdefault\u00a0\u00bb global_colors_info=\u00a0\u00bb{}\u00a0\u00bb][\/et_pb_gallery][\/et_pb_column][et_pb_column type=\u00a0\u00bb1_2&Prime; _builder_version=\u00a0\u00bb4.27.3&Prime; _module_preset=\u00a0\u00bbdefault\u00a0\u00bb global_colors_info=\u00a0\u00bb{}\u00a0\u00bb][et_pb_text _builder_version=\u00a0\u00bb4.27.3&Prime; _module_preset=\u00a0\u00bbdefault\u00a0\u00bb text_font=\u00a0\u00bbsofia pro light||||||||\u00a0\u00bb text_text_color=\u00a0\u00bb#939393&Prime; text_font_size=\u00a0\u00bb17px\u00a0\u00bb header_2_font=\u00a0\u00bbsofia pro medium||||||||\u00a0\u00bb header_3_font=\u00a0\u00bbsofia pro medium||||||||\u00a0\u00bb global_colors_info=\u00a0\u00bb{}\u00a0\u00bb]<\/p>\n<div id=\"meta-origin\" data-coolorigin=\"https%3A%2F%2Fedition.apps.education.fr%2Fcool%2Fclipboard%3FWOPISrc%3Dhttps%253A%252F%252Fnuage01.apps.education.fr%252Findex.php%252Fapps%252Frichdocuments%252Fwopi%252Ffiles%252F125799611_ocvvam43x8hs%26ServerId%3D34facc62%26ViewId%3D4%26Tag%3Da6b355021a659852\">\n<h2>Tom Latour\u00a0<\/h2>\n<div id=\"meta-origin\" data-coolorigin=\"https%3A%2F%2Fedition.apps.education.fr%2Fcool%2Fclipboard%3FWOPISrc%3Dhttps%253A%252F%252Fnuage01.apps.education.fr%252Findex.php%252Fapps%252Frichdocuments%252Fwopi%252Ffiles%252F125799611_ocvvam43x8hs%26ServerId%3D4b7ed069%26ViewId%3D4%26Tag%3Da0da07a7d8ac5053\">\n<h3>Du viril au sensible<\/h3>\n<\/div>\n<div id=\"meta-origin\" data-coolorigin=\"https%3A%2F%2Fedition.apps.education.fr%2Fcool%2Fclipboard%3FWOPISrc%3Dhttps%253A%252F%252Fnuage01.apps.education.fr%252Findex.php%252Fapps%252Frichdocuments%252Fwopi%252Ffiles%252F125799611_ocvvam43x8hs%26ServerId%3D4b7ed069%26ViewId%3D4%26Tag%3Da0da07a7d8ac5053\">\n<div id=\"meta-origin\" data-coolorigin=\"https%3A%2F%2Fedition.apps.education.fr%2Fcool%2Fclipboard%3FWOPISrc%3Dhttps%253A%252F%252Fnuage01.apps.education.fr%252Findex.php%252Fapps%252Frichdocuments%252Fwopi%252Ffiles%252F144187943_ocvvam43x8hs%26ServerId%3Daa83de96%26ViewId%3D4%26Tag%3Dd2fa960800c8320e\">\n<p><a name=\"docs-internal-guid-5511187f-7fff-eb0d-cce3-2d45f15216c9\"><\/a>\u201cDu Viril Au Sensible\u201d est une campagne de sensibilisation vid\u00e9o destin\u00e9e \u00e0 alerter le public masculin sur les probl\u00e8mes de sant\u00e9 mentale chez les hommes.<\/p>\n<p>Implant\u00e9e au sein d&rsquo;un environnement ayant comme symbole la culture physique , la campagne se d\u00e9ploie dans les salles de sport de la franchise \u00ab\u00a0Fitness Park\u00a0\u00bb qui attirent une client\u00e8le majoritairement masculine.<\/p>\n<p>La s\u00e9rie de vid\u00e9os met en sc\u00e8ne des t\u00e9moignages d&rsquo;hommes dans leur quotidien ayant des conversations intimes sur leurs \u00e9motions, tout en pratiquant la musculation. Cette approche r\u00e9v\u00e8le et valorise le contraste entre la vuln\u00e9rabilit\u00e9 \u00e9motionnelle r\u00e9elle de ces hommes et l&rsquo;image de force qu&rsquo;ils projettent ext\u00e9rieurement.\u00a0\u00a0Le d\u00e9tournement des st\u00e9r\u00e9otypes masculins par l&rsquo;esth\u00e9tique et l\u2019utilisation de t\u00e9moignages permet de valoriser l&rsquo;importance du dialogue et de la remise en question de normes sociales nocives.<\/p>\n<\/div>\n<\/div>\n<\/div>\n<h2>\u00a0<\/h2>\n<p>&nbsp;<\/p>\n<p>[\/et_pb_text][\/et_pb_column][\/et_pb_row][\/et_pb_section]<\/p>\n","protected":false},"excerpt":{"rendered":"<p>PROJETS DE DIPL\u00f4ME Camille Guiot M\u00e9diation artistique Ce projet propose de concevoir, pour le FRAC \u00cele-de-France, une plateforme de m\u00e9diation num\u00e9rique non pros\u00e9lyte, destin\u00e9e \u00e0 d\u00e9crypter l\u2019usage croissant d\u2019iconographies religieuses dans la cr\u00e9ation visuelle contemporaine. Elle est pens\u00e9e comme un prolongement durable de l\u2019exposition \u00ab Imaginaires s\u00e9cularis\u00e9s : r\u00e9\u00e9mergences des symboles religieux dans notre culture [&hellip;]<\/p>\n","protected":false},"author":1,"featured_media":0,"parent":0,"menu_order":0,"comment_status":"closed","ping_status":"closed","template":"","meta":{"_et_pb_use_builder":"on","_et_pb_old_content":"","_et_gb_content_width":"","footnotes":""},"class_list":["post-10715","page","type-page","status-publish","hentry"],"_links":{"self":[{"href":"https:\/\/designgoscinny.com\/index.php\/wp-json\/wp\/v2\/pages\/10715","targetHints":{"allow":["GET"]}}],"collection":[{"href":"https:\/\/designgoscinny.com\/index.php\/wp-json\/wp\/v2\/pages"}],"about":[{"href":"https:\/\/designgoscinny.com\/index.php\/wp-json\/wp\/v2\/types\/page"}],"author":[{"embeddable":true,"href":"https:\/\/designgoscinny.com\/index.php\/wp-json\/wp\/v2\/users\/1"}],"replies":[{"embeddable":true,"href":"https:\/\/designgoscinny.com\/index.php\/wp-json\/wp\/v2\/comments?post=10715"}],"version-history":[{"count":8,"href":"https:\/\/designgoscinny.com\/index.php\/wp-json\/wp\/v2\/pages\/10715\/revisions"}],"predecessor-version":[{"id":10788,"href":"https:\/\/designgoscinny.com\/index.php\/wp-json\/wp\/v2\/pages\/10715\/revisions\/10788"}],"wp:attachment":[{"href":"https:\/\/designgoscinny.com\/index.php\/wp-json\/wp\/v2\/media?parent=10715"}],"curies":[{"name":"wp","href":"https:\/\/api.w.org\/{rel}","templated":true}]}}