{"id":6077,"date":"2020-01-16T07:43:53","date_gmt":"2020-01-16T06:43:53","guid":{"rendered":"http:\/\/designgoscinny.com\/?page_id=6077"},"modified":"2025-06-02T17:02:06","modified_gmt":"2025-06-02T15:02:06","slug":"contacts","status":"publish","type":"page","link":"https:\/\/designgoscinny.com\/index.php\/contacts\/","title":{"rendered":"CONTACTS"},"content":{"rendered":"<p>[et_pb_section fb_built=\u00a0\u00bb1&Prime; _builder_version=\u00a0\u00bb4.27.3&Prime; _module_preset=\u00a0\u00bbdefault\u00a0\u00bb hover_enabled=\u00a0\u00bb0&Prime; global_colors_info=\u00a0\u00bb{}\u00a0\u00bb custom_margin=\u00a0\u00bb0px||||false|false\u00a0\u00bb custom_margin_last_edited=\u00a0\u00bbon|phone\u00a0\u00bb custom_padding=\u00a0\u00bb0px||||false|false\u00a0\u00bb sticky_enabled=\u00a0\u00bb0&Prime; custom_margin_tablet=\u00a0\u00bb0px||||false|false\u00a0\u00bb custom_margin_phone=\u00a0\u00bb0px||||false|false\u00a0\u00bb][et_pb_row _builder_version=\u00a0\u00bb4.27.3&Prime; _module_preset=\u00a0\u00bbdefault\u00a0\u00bb hover_enabled=\u00a0\u00bb0&Prime; global_colors_info=\u00a0\u00bb{}\u00a0\u00bb custom_margin_last_edited=\u00a0\u00bbon|phone\u00a0\u00bb custom_padding=\u00a0\u00bb|20px||20px|false|false\u00a0\u00bb custom_margin_phone=\u00a0\u00bb|0px||0px|false|false\u00a0\u00bb sticky_enabled=\u00a0\u00bb0&Prime; width_last_edited=\u00a0\u00bbon|phone\u00a0\u00bb width_phone=\u00a0\u00bb100%\u00a0\u00bb][et_pb_column type=\u00a0\u00bb4_4&Prime; _builder_version=\u00a0\u00bb4.27.3&Prime; _module_preset=\u00a0\u00bbdefault\u00a0\u00bb global_colors_info=\u00a0\u00bb{}\u00a0\u00bb][et_pb_image src=\u00a0\u00bbhttps:\/\/designgoscinny.com\/wp-content\/uploads\/2017\/11\/MG_0006.jpg\u00a0\u00bb title_text=\u00a0\u00bb_MG_0006&Prime; _builder_version=\u00a0\u00bb4.27.3&Prime; _module_preset=\u00a0\u00bbdefault\u00a0\u00bb hover_enabled=\u00a0\u00bb0&Prime; global_colors_info=\u00a0\u00bb{}\u00a0\u00bb custom_margin_last_edited=\u00a0\u00bbon|phone\u00a0\u00bb custom_margin_phone=\u00a0\u00bb|0px||0px|false|false\u00a0\u00bb custom_padding=\u00a0\u00bb|0px||0px|false|false\u00a0\u00bb sticky_enabled=\u00a0\u00bb0&Prime;][\/et_pb_image][et_pb_text _builder_version=\u00a0\u00bb4.27.3&Prime; _module_preset=\u00a0\u00bbdefault\u00a0\u00bb custom_css_free_form=\u00a0\u00bbh1{ border-bottom : dotted 2px; margin-bottom: 35px; }||h2{ border-bottom : dotted 2px; margin-bottom: 25px; }\u00a0\u00bb global_colors_info=\u00a0\u00bb{}\u00a0\u00bb]<\/p>\n<p>&nbsp;<\/p>\n<h2>Adresse<\/h2>\n<p>500 Routes de Croves<\/p>\n<p>06 340 Drap<\/p>\n<p>T\u00e9l\u00e9phone: 04 92 14 34 50<\/p>\n<p>Site du lyc\u00e9e: <a href=\"mailto:ce.0062089n@ac-nice.fr\">www.lyc\u00e9e-goscinny.fr<\/a><\/p>\n<p>Horaires:\u00a0 8h-18h du lundi au vendredi<\/p>\n<h2>Transport<\/h2>\n<p>TER : Gare Halte de Fontanil se trouvant devant le lyc\u00e9e.<\/p>\n<p>Car : \u00a0ligne d&rsquo;Azur.<\/p>\n<p>Voiture : un parking gratuit se trouve \u00e0 c\u00f4t\u00e9 du lyc\u00e9e.<\/p>\n<p>&nbsp;<\/p>\n<h2>Contact candidature et admission\u00a0<\/h2>\n<p>Chef des travaux Mr Portet : <a data-dtype=\"d3ph\" data-local-attribute=\"d3ph\" jscontroller=\"LWZElb\" href=\"https:\/\/www.google.com\/search?client=safari&amp;rls=en&amp;q=lyc%C3%A9e+goqcinny&amp;ie=UTF-8&amp;oe=UTF-8&amp;sei=mYXDZ-K5Jc2mkdUP27WouAQ#\" jsdata=\"QKGTRc;_;AbK8BM\" jsaction=\"rcuQ6b:npT2md;F75qrd\" data-ved=\"2ahUKEwiuwdXq8umLAxUtT6QEHYT_JfYQkAgoAHoECCUQAg\"><span aria-label=\"Appeler le 04 92 14 34 50\">04 92 14 34 50<\/span><\/a><\/p>\n<p>[\/et_pb_text][\/et_pb_column][\/et_pb_row][\/et_pb_section]<\/p>\n","protected":false},"excerpt":{"rendered":"<p>&nbsp; Adresse 500 Routes de Croves 06 340 Drap T\u00e9l\u00e9phone: 04 92 14 34 50 Site du lyc\u00e9e: www.lyc\u00e9e-goscinny.fr Horaires:\u00a0 8h-18h du lundi au vendredi Transport TER : Gare Halte de Fontanil se trouvant devant le lyc\u00e9e. Car : \u00a0ligne d&rsquo;Azur. Voiture : un parking gratuit se trouve \u00e0 c\u00f4t\u00e9 du lyc\u00e9e. &nbsp; Contact candidature [&hellip;]<\/p>\n","protected":false},"author":1,"featured_media":0,"parent":0,"menu_order":0,"comment_status":"closed","ping_status":"closed","template":"","meta":{"_et_pb_use_builder":"on","_et_pb_old_content":"","_et_gb_content_width":"","footnotes":""},"class_list":["post-6077","page","type-page","status-publish","hentry"],"_links":{"self":[{"href":"https:\/\/designgoscinny.com\/index.php\/wp-json\/wp\/v2\/pages\/6077","targetHints":{"allow":["GET"]}}],"collection":[{"href":"https:\/\/designgoscinny.com\/index.php\/wp-json\/wp\/v2\/pages"}],"about":[{"href":"https:\/\/designgoscinny.com\/index.php\/wp-json\/wp\/v2\/types\/page"}],"author":[{"embeddable":true,"href":"https:\/\/designgoscinny.com\/index.php\/wp-json\/wp\/v2\/users\/1"}],"replies":[{"embeddable":true,"href":"https:\/\/designgoscinny.com\/index.php\/wp-json\/wp\/v2\/comments?post=6077"}],"version-history":[{"count":26,"href":"https:\/\/designgoscinny.com\/index.php\/wp-json\/wp\/v2\/pages\/6077\/revisions"}],"predecessor-version":[{"id":10471,"href":"https:\/\/designgoscinny.com\/index.php\/wp-json\/wp\/v2\/pages\/6077\/revisions\/10471"}],"wp:attachment":[{"href":"https:\/\/designgoscinny.com\/index.php\/wp-json\/wp\/v2\/media?parent=6077"}],"curies":[{"name":"wp","href":"https:\/\/api.w.org\/{rel}","templated":true}]}}