{"id":6891,"date":"2018-03-10T22:26:52","date_gmt":"2018-03-10T21:26:52","guid":{"rendered":"http:\/\/designgoscinny.com\/?page_id=6891"},"modified":"2026-03-24T15:41:50","modified_gmt":"2026-03-24T14:41:50","slug":"page-globale-attente","status":"publish","type":"page","link":"https:\/\/designgoscinny.com\/","title":{"rendered":"ACCUEIL"},"content":{"rendered":"<p>[et_pb_section fb_built=\u00a0\u00bb1&Prime; admin_label=\u00a0\u00bbCANDIDATURES\u00a0\u00bb module_id=\u00a0\u00bbcandidatures\u00a0\u00bb _builder_version=\u00a0\u00bb4.27.3&Prime; background_color=\u00a0\u00bbrgba(255,255,255,0)\u00a0\u00bb background_enable_image=\u00a0\u00bboff\u00a0\u00bb module_alignment=\u00a0\u00bbleft\u00a0\u00bb custom_padding=\u00a0\u00bb0px|0px|0px|0px\u00a0\u00bb transparent_background=\u00a0\u00bbon\u00a0\u00bb global_colors_info=\u00a0\u00bb{}\u00a0\u00bb][et_pb_row custom_padding_last_edited=\u00a0\u00bbon|phone\u00a0\u00bb _builder_version=\u00a0\u00bb4.27.3&Prime; _module_preset=\u00a0\u00bbdefault\u00a0\u00bb width_tablet=\u00a0\u00bb\u00a0\u00bb width_phone=\u00a0\u00bb100%\u00a0\u00bb width_last_edited=\u00a0\u00bbon|phone\u00a0\u00bb max_width=\u00a0\u00bb1049px\u00a0\u00bb max_width_tablet=\u00a0\u00bb1049px\u00a0\u00bb max_width_phone=\u00a0\u00bb100%\u00a0\u00bb max_width_last_edited=\u00a0\u00bbon|phone\u00a0\u00bb module_alignment=\u00a0\u00bbleft\u00a0\u00bb custom_margin=\u00a0\u00bb|||80px|false|false\u00a0\u00bb custom_margin_tablet=\u00a0\u00bb|||80px|false|false\u00a0\u00bb custom_margin_phone=\u00a0\u00bb|0px||0px|false|false\u00a0\u00bb custom_margin_last_edited=\u00a0\u00bbon|phone\u00a0\u00bb custom_padding=\u00a0\u00bb|||80px|false|false\u00a0\u00bb custom_padding_tablet=\u00a0\u00bb|||80px|false|false\u00a0\u00bb custom_padding_phone=\u00a0\u00bb|0px||0px|false|false\u00a0\u00bb global_colors_info=\u00a0\u00bb{}\u00a0\u00bb][et_pb_column type=\u00a0\u00bb4_4&Prime; _builder_version=\u00a0\u00bb4.27.3&Prime; _module_preset=\u00a0\u00bbdefault\u00a0\u00bb global_colors_info=\u00a0\u00bb{}\u00a0\u00bb][et_pb_gallery gallery_ids=\u00a0\u00bb5851&Prime; fullwidth=\u00a0\u00bbon\u00a0\u00bb _builder_version=\u00a0\u00bb4.27.4&Prime; _module_preset=\u00a0\u00bbdefault\u00a0\u00bb hover_enabled=\u00a0\u00bb0&Prime; global_colors_info=\u00a0\u00bb{}\u00a0\u00bb sticky_enabled=\u00a0\u00bb0&Prime;][\/et_pb_gallery][et_pb_text content_tablet=\u00a0\u00bb<\/p>\n<h1>Le lyc\u00e9e Ren\u00e9 Goscinny<\/h1>\n<p>Le lyc\u00e9e Ren\u00e9 Goscinny est nich\u00e9 dans l&rsquo;arri\u00e8re pays Ni\u00e7ois, \u00e0 20 minutes de Nice. Il acceuille deux sections DMMADe : Design Graphique et Design Num\u00e9rique.<\/p>\n<p>Il <span style=%22color: #000000;%22>a ouvert ses portes \u00e0 la rentr\u00e9e 2012. Log\u00e9 dans des b\u00e2timents modernes construits par les architectes R\u00e9my Marciano et Jos\u00e9 Morales, sa certification HQE assure un impact environnemental limit\u00e9 et des conditions de vie saine et confortable \u00e0 ses occupants.<br \/><\/span><\/p>\n<p><span style=%22color: #000000;%22>Le lyc\u00e9e dispose de sa propre installation solaire photovolta\u00efque qui s\u2019\u00e9tend sur 540 m\u00b2 ; sa position haute assure une protection aux inondations et aux nuisances sonores et la distribution de la plupart des salles de classes par l\u2019ext\u00e9rieur permet une ventilation naturelle. <\/span><\/p>\n<p><span style=%22color: #000000;%22>Construit pour accueillir 900 \u00e9l\u00e8ves, dont 800 en demi-pension, il s\u2019\u00e9tend sur 12 000 m\u00b2. Il dispose d\u2019un stade et d\u2019un gymnase avec mur d\u2019escalade.<\/span><\/p>\n<p>Le lyc\u00e9e ne poss\u00e8de pas d&rsquo;internat pour accueillir les \u00e9tudiants en DNMADe.<\/p>\n<h1>\u00c9quipements P\u00f4le Design<\/h1>\n<h3><span style=%22color: #0c71c3;%22>Photographie<\/span><\/h3>\n<p data-start=%22139%22 data-end=%22282%22>Nous mettons \u00e0 disposition de nos \u00e9tudiants l&rsquo;ensemble du mat\u00e9riel n\u00e9cessaire pour r\u00e9aliser des photographies professionnelles:<\/p>\n<p><span style=%22color: #666666;%22><strong>Photographie num\u00e9rique :<\/strong><\/span> appareils performants pour des prises de vue de qualit\u00e9.<\/p>\n<p><strong data-start=%22376%22 data-end=%22403%22>Photographie argentique<\/strong> : mat\u00e9riel traditionnel pour explorer les techniques classiques.<\/p>\n<p><strong data-start=%22473%22 data-end=%22489%22>Studio photo<\/strong> : plusieurs flash, lumi\u00e8re continues, pieds photo, tr\u00e9pieds, soft boxe, fonds photos, r\u00e9flecteurs.<\/p>\n<p data-start=%22637%22 data-end=%22784%22>Avec ces \u00e9quipements, nos \u00e9tudiants peuvent exprimer pleinement leur cr\u00e9ativit\u00e9.<\/p>\n<h3><span style=%22color: #0c71c3;%22>\u00c9dition<\/span><\/h3>\n<p data-start=%2274%22 data-end=%22203%22>Nos \u00e9tudiants b\u00e9n\u00e9ficient de tout le mat\u00e9riel n\u00e9cessaire pour leurs projets d\u2019\u00e9dition, avec <strong data-start=%22166%22 data-end=%22199%22>papier et impressions compris dans la formation <\/strong>:<\/p>\n<p><strong data-start=%22207%22 data-end=%22217%22>Presse<\/strong> pour des impressions de qualit\u00e9 professionnelle,<\/p>\n<p><strong data-start=%22271%22 data-end=%22281%22>Papier<\/strong> de la gamme ARCTIC PAPER \u00e0 disposition: Gamme Munken.<\/p>\n<p><strong data-start=%22307%22 data-end=%22330%22>Mat\u00e9riel de reliure<\/strong> pour des finitions soign\u00e9es.<\/p>\n<p data-start=%22363%22 data-end=%22483%22>Un espace enti\u00e8rement \u00e9quip\u00e9 pour donner vie aux cr\u00e9ations \u00e9ditoriales.<\/p>\n<h3><span style=%22color: #0c71c3;%22>S\u00e9rigraphie<\/span><\/h3>\n<p data-start=%2262%22 data-end=%22156%22>Nous mettons \u00e0 disposition tout l\u2019\u00e9quipement n\u00e9cessaire pour la pratique de la s\u00e9rigraphie :<\/p>\n<p data-start=%2262%22 data-end=%22156%22><strong data-start=%22160%22 data-end=%22170%22>\u00c9crans<\/strong> pour des impressions pr\u00e9cises et vari\u00e9es.<\/p>\n<p data-start=%2262%22 data-end=%22156%22><strong data-start=%22217%22 data-end=%22227%22>Encres<\/strong> adapt\u00e9es \u00e0 diff\u00e9rents supports.<\/p>\n<p><strong data-start=%22264%22 data-end=%22277%22>Insoleuse<\/strong> pour pr\u00e9parer les \u00e9crans avec pr\u00e9cision.<\/p>\n<p><strong data-start=%22323%22 data-end=%22345%22>Salle de d\u00e9gravage<\/strong> \u00e9quip\u00e9e pour un nettoyage efficace.<\/p>\n<p data-start=%22385%22 data-end=%22489%22>Un espace complet pour permettre aux \u00e9tudiants d\u2019explorer pleinement les techniques de la s\u00e9rigraphie.<\/p>\n<h3><span style=%22color: #0c71c3;%22>Linogravure<\/span><\/h3>\n<p data-start=%2263%22 data-end=%22159%22>Nous fournissons \u00e0 nos \u00e9tudiants tout le mat\u00e9riel indispensable pour explorer la linogravure :<\/p>\n<p><strong data-start=%22163%22 data-end=%22173%22>Presse<\/strong> pour des impressions nettes et pr\u00e9cises,<\/p>\n<p><strong data-start=%22219%22 data-end=%22230%22>Plaques<\/strong> pr\u00eates \u00e0 \u00eatre grav\u00e9es.<\/p>\n<p><strong data-start=%22258%22 data-end=%22268%22>Gouges<\/strong> adapt\u00e9es pour tous les niveaux.<\/p>\n<p><strong data-start=%22305%22 data-end=%22315%22>Encres<\/strong>  pour des rendus uniques.<\/p>\n<h3><span style=%22color: #0c71c3;%22>3D<\/span><\/h3>\n<p data-start=%2249%22 data-end=%22149%22>Nos \u00e9tudiants ont acc\u00e8s \u00e0 tout le mat\u00e9riel n\u00e9cessaire pour donner vie \u00e0 leurs projets num\u00e9riques :<\/p>\n<p><strong data-start=%22153%22 data-end=%22170%22>Imprimante 3D<\/strong> pour des cr\u00e9ations en volume pr\u00e9cises.<\/p>\n<p><strong data-start=%22214%22 data-end=%22228%22>Scanner 3D<\/strong> pour num\u00e9riser et retravailler des objets physiques.<\/p>\n<h3><span style=%22color: #0c71c3;%22>Logiciels<\/span><\/h3>\n<p>La suite Adobe Creative Cloud (Indesign, Photoshop, Illustrator, After Effect, Premi\u00e8re, etc.), est fournie \u00e0 nos \u00e9tudiants. Figma Eduction de m\u00eame.<\/p>\n<p>\u00a0\u00bb content_phone=\u00a0\u00bb<\/p>\n<h1>Le lyc\u00e9e Ren\u00e9 Goscinny<\/h1>\n<p>Le lyc\u00e9e Ren\u00e9 Goscinny est nich\u00e9 dans l&rsquo;arri\u00e8re pays Ni\u00e7ois, \u00e0 20 minutes de Nice. Il acceuille deux sections DMMADe : Design Graphique et Design Num\u00e9rique.<\/p>\n<p>Il <span style=%22color: #000000;%22>a ouvert ses portes \u00e0 la rentr\u00e9e 2012. Log\u00e9 dans des b\u00e2timents modernes construits par les architectes R\u00e9my Marciano et Jos\u00e9 Morales, sa certification HQE assure un impact environnemental limit\u00e9 et des conditions de vie saine et confortable \u00e0 ses occupants.<br \/><\/span><\/p>\n<p><span style=%22color: #000000;%22>Le lyc\u00e9e dispose de sa propre installation solaire photovolta\u00efque qui s\u2019\u00e9tend sur 540 m\u00b2 ; sa position haute assure une protection aux inondations et aux nuisances sonores et la distribution de la plupart des salles de classes par l\u2019ext\u00e9rieur permet une ventilation naturelle. <\/span><\/p>\n<p><span style=%22color: #000000;%22>Construit pour accueillir 900 \u00e9l\u00e8ves, dont 800 en demi-pension, il s\u2019\u00e9tend sur 12 000 m\u00b2. Il dispose d\u2019un stade et d\u2019un gymnase avec mur d\u2019escalade.<\/span><\/p>\n<p>Le lyc\u00e9e ne poss\u00e8de pas d&rsquo;internat pour accueillir les \u00e9tudiants en DNMADe.<\/p>\n<h1>\u00c9quipements P\u00f4le Design<\/h1>\n<h3><span style=%22color: #0c71c3;%22>Photographie<\/span><\/h3>\n<p data-start=%22139%22 data-end=%22282%22>Nous mettons \u00e0 disposition de nos \u00e9tudiants l&rsquo;ensemble du mat\u00e9riel n\u00e9cessaire pour r\u00e9aliser des photographies professionnelles:<\/p>\n<p><span style=%22color: #666666;%22><strong>Photographie num\u00e9rique :<\/strong><\/span> appareils performants pour des prises de vue de qualit\u00e9.<\/p>\n<p><strong data-start=%22376%22 data-end=%22403%22>Photographie argentique<\/strong> : mat\u00e9riel traditionnel pour explorer les techniques classiques.<\/p>\n<p><strong data-start=%22473%22 data-end=%22489%22>Studio photo<\/strong> : plusieurs flash, lumi\u00e8re continues, pieds photo, tr\u00e9pieds, soft boxe, fonds photos, r\u00e9flecteurs.<\/p>\n<p data-start=%22637%22 data-end=%22784%22>Avec ces \u00e9quipements, nos \u00e9tudiants peuvent exprimer pleinement leur cr\u00e9ativit\u00e9.<\/p>\n<h3><span style=%22color: #0c71c3;%22>\u00c9dition<\/span><\/h3>\n<p data-start=%2274%22 data-end=%22203%22>Nos \u00e9tudiants b\u00e9n\u00e9ficient de tout le mat\u00e9riel n\u00e9cessaire pour leurs projets d\u2019\u00e9dition, avec <strong data-start=%22166%22 data-end=%22199%22>papier et impressions compris dans la formation <\/strong>:<\/p>\n<p><strong data-start=%22207%22 data-end=%22217%22>Presse<\/strong> pour des impressions de qualit\u00e9 professionnelle,<\/p>\n<p><strong data-start=%22271%22 data-end=%22281%22>Papier<\/strong> de la gamme ARCTIC PAPER \u00e0 disposition: Gamme Munken.<\/p>\n<p><strong data-start=%22307%22 data-end=%22330%22>Mat\u00e9riel de reliure<\/strong> pour des finitions soign\u00e9es.<\/p>\n<p data-start=%22363%22 data-end=%22483%22>Un espace enti\u00e8rement \u00e9quip\u00e9 pour donner vie aux cr\u00e9ations \u00e9ditoriales.<\/p>\n<h3><span style=%22color: #0c71c3;%22>S\u00e9rigraphie<\/span><\/h3>\n<p data-start=%2262%22 data-end=%22156%22>Nous mettons \u00e0 disposition tout l\u2019\u00e9quipement n\u00e9cessaire pour la pratique de la s\u00e9rigraphie :<\/p>\n<p data-start=%2262%22 data-end=%22156%22><strong data-start=%22160%22 data-end=%22170%22>\u00c9crans<\/strong> pour des impressions pr\u00e9cises et vari\u00e9es.<\/p>\n<p data-start=%2262%22 data-end=%22156%22><strong data-start=%22217%22 data-end=%22227%22>Encres<\/strong> adapt\u00e9es \u00e0 diff\u00e9rents supports.<\/p>\n<p><strong data-start=%22264%22 data-end=%22277%22>Insoleuse<\/strong> pour pr\u00e9parer les \u00e9crans avec pr\u00e9cision.<\/p>\n<p><strong data-start=%22323%22 data-end=%22345%22>Salle de d\u00e9gravage<\/strong> \u00e9quip\u00e9e pour un nettoyage efficace.<\/p>\n<p data-start=%22385%22 data-end=%22489%22>Un espace complet pour permettre aux \u00e9tudiants d\u2019explorer pleinement les techniques de la s\u00e9rigraphie.<\/p>\n<h3><span style=%22color: #0c71c3;%22>Linogravure<\/span><\/h3>\n<p data-start=%2263%22 data-end=%22159%22>Nous fournissons \u00e0 nos \u00e9tudiants tout le mat\u00e9riel indispensable pour explorer la linogravure :<\/p>\n<p><strong data-start=%22163%22 data-end=%22173%22>Presse<\/strong> pour des impressions nettes et pr\u00e9cises,<\/p>\n<p><strong data-start=%22219%22 data-end=%22230%22>Plaques<\/strong> pr\u00eates \u00e0 \u00eatre grav\u00e9es.<\/p>\n<p><strong data-start=%22258%22 data-end=%22268%22>Gouges<\/strong> adapt\u00e9es pour tous les niveaux.<\/p>\n<p><strong data-start=%22305%22 data-end=%22315%22>Encres<\/strong>  pour des rendus uniques.<\/p>\n<h3><span style=%22color: #0c71c3;%22>3D<\/span><\/h3>\n<p data-start=%2249%22 data-end=%22149%22>Nos \u00e9tudiants ont acc\u00e8s \u00e0 tout le mat\u00e9riel n\u00e9cessaire pour donner vie \u00e0 leurs projets num\u00e9riques :<\/p>\n<p><strong data-start=%22153%22 data-end=%22170%22>Imprimante 3D<\/strong> pour des cr\u00e9ations en volume pr\u00e9cises.<\/p>\n<p><strong data-start=%22214%22 data-end=%22228%22>Scanner 3D<\/strong> pour num\u00e9riser et retravailler des objets physiques.<\/p>\n<h3><span style=%22color: #0c71c3;%22>Logiciels<\/span><\/h3>\n<p>La suite Adobe Creative Cloud (Indesign, Photoshop, Illustrator, After Effect, Premi\u00e8re, etc.), est fournie \u00e0 nos \u00e9tudiants. Figma Eduction de m\u00eame.<\/p>\n<p>\u00a0\u00bb content_last_edited=\u00a0\u00bbon|phone\u00a0\u00bb _builder_version=\u00a0\u00bb4.27.4&Prime; _module_preset=\u00a0\u00bbad0c561d-6ea1-45e2-9fb8-57a6637b921b\u00a0\u00bb text_font=\u00a0\u00bbsofia pro light||||||||\u00a0\u00bb text_line_height=\u00a0\u00bb1.3em\u00a0\u00bb module_alignment=\u00a0\u00bbright\u00a0\u00bb custom_margin=\u00a0\u00bb0px||30px|0px|false|false\u00a0\u00bb custom_margin_tablet=\u00a0\u00bb\u00a0\u00bb custom_margin_phone=\u00a0\u00bb0px|20px|30px|10px|false|false\u00a0\u00bb custom_margin_last_edited=\u00a0\u00bbon|desktop\u00a0\u00bb custom_padding=\u00a0\u00bb|||20px|false|false\u00a0\u00bb text_font_size_tablet=\u00a0\u00bb\u00a0\u00bb text_font_size_phone=\u00a0\u00bb15px\u00a0\u00bb text_font_size_last_edited=\u00a0\u00bbon|phone\u00a0\u00bb custom_css_free_form=\u00a0\u00bbh1{ border-bottom : dotted 2px; margin-bottom: 35px; }||h2{ border-bottom : dotted 2px; margin-bottom: 25px; }\u00a0\u00bb border_width_bottom=\u00a0\u00bb0px\u00a0\u00bb global_colors_info=\u00a0\u00bb{}\u00a0\u00bb]<\/p>\n<h1>Le lyc\u00e9e Ren\u00e9 Goscinny<\/h1>\n<p>Le lyc\u00e9e Ren\u00e9 Goscinny est nich\u00e9 dans l&rsquo;arri\u00e8re-pays Ni\u00e7ois, \u00e0 20 minutes de Nice. Il accueille deux sections DMMADe : Design Graphique et Design Num\u00e9rique.<\/p>\n<p>Il <span style=\"color: #000000;\">a ouvert ses portes \u00e0 la rentr\u00e9e 2012. Log\u00e9 dans des b\u00e2timents modernes construits par les architectes R\u00e9my Marciano et Jos\u00e9 Morales, sa certification HQE assure un impact environnemental limit\u00e9 et des conditions de vie saines et confortable \u00e0 ses occupants.<br \/><\/span><\/p>\n<p><span style=\"color: #000000;\">Le lyc\u00e9e dispose de sa propre installation solaire photovolta\u00efque qui s\u2019\u00e9tend sur 540 m\u00b2 ; sa position haute assure une protection aux inondations et aux nuisances sonores et la distribution de la plupart des salles de classes par l\u2019ext\u00e9rieur permet une ventilation naturelle. <\/span><\/p>\n<p><span style=\"color: #000000;\">Construit pour accueillir 900 \u00e9l\u00e8ves, dont 800 en demi-pension, il s\u2019\u00e9tend sur 12 000 m\u00b2. Il dispose d\u2019un stade et d\u2019un gymnase avec mur d\u2019escalade.<\/span><\/p>\n<p>Le lyc\u00e9e ne poss\u00e8de pas d&rsquo;internat pour accueillir les \u00e9tudiants en DNMADe.<\/p>\n<h1>\u00c9quipements P\u00f4le Design<\/h1>\n<h3><span style=\"color: #0c71c3;\">Photographie<\/span><\/h3>\n<p data-start=\"139\" data-end=\"282\">Nous mettons \u00e0 disposition de nos \u00e9tudiants l&rsquo;ensemble du mat\u00e9riel n\u00e9cessaire pour r\u00e9aliser des photographies professionnelles:<\/p>\n<p><span style=\"color: #666666;\"><strong>Photographie num\u00e9rique :<\/strong><\/span> appareils performants pour des prises de vue de qualit\u00e9.<\/p>\n<p><strong data-start=\"376\" data-end=\"403\">Photographie argentique<\/strong> : mat\u00e9riel traditionnel pour explorer les techniques classiques.<\/p>\n<p><strong data-start=\"473\" data-end=\"489\">Studio photo<\/strong> : plusieurs flashs, lumi\u00e8res continues, pieds photo, tr\u00e9pieds, softbox, fonds photos, r\u00e9flecteurs.<\/p>\n<p data-start=\"637\" data-end=\"784\">Avec ces \u00e9quipements, nos \u00e9tudiants peuvent exprimer pleinement leur cr\u00e9ativit\u00e9.<\/p>\n<h3><span style=\"color: #0c71c3;\">\u00c9dition<\/span><\/h3>\n<p data-start=\"74\" data-end=\"203\">Nos \u00e9tudiants b\u00e9n\u00e9ficient de tout le mat\u00e9riel n\u00e9cessaire pour leurs projets d\u2019\u00e9dition, avec <strong data-start=\"166\" data-end=\"199\">papier et impressions compris dans la formation <\/strong>:<\/p>\n<p><strong data-start=\"207\" data-end=\"217\">Presse<\/strong> pour des impressions de qualit\u00e9 professionnelle,<\/p>\n<p><strong data-start=\"271\" data-end=\"281\">Papier<\/strong> de la gamme ARCTIC PAPER \u00e0 disposition: Gamme Munken.<\/p>\n<p><strong data-start=\"307\" data-end=\"330\">Mat\u00e9riel de reliure<\/strong> pour des finitions soign\u00e9es.<\/p>\n<p data-start=\"363\" data-end=\"483\">Un espace enti\u00e8rement \u00e9quip\u00e9 pour donner vie aux cr\u00e9ations \u00e9ditoriales.<\/p>\n<h3><span style=\"color: #0c71c3;\">S\u00e9rigraphie<\/span><\/h3>\n<p data-start=\"62\" data-end=\"156\">Nous mettons \u00e0 disposition tout l\u2019\u00e9quipement n\u00e9cessaire pour la pratique de la s\u00e9rigraphie :<\/p>\n<p data-start=\"62\" data-end=\"156\"><strong data-start=\"160\" data-end=\"170\">\u00c9crans<\/strong> pour des impressions pr\u00e9cises et vari\u00e9es.<\/p>\n<p data-start=\"62\" data-end=\"156\"><strong data-start=\"217\" data-end=\"227\">Encres<\/strong> adapt\u00e9es \u00e0 diff\u00e9rents supports.<\/p>\n<p><strong data-start=\"264\" data-end=\"277\">Insoleuse<\/strong> pour pr\u00e9parer les \u00e9crans avec pr\u00e9cision.<\/p>\n<p><strong data-start=\"323\" data-end=\"345\">Salle de d\u00e9gravage<\/strong> \u00e9quip\u00e9e pour un nettoyage efficace.<\/p>\n<p data-start=\"385\" data-end=\"489\">Un espace complet pour permettre aux \u00e9tudiants d\u2019explorer pleinement les techniques de la s\u00e9rigraphie.<\/p>\n<h3><span style=\"color: #0c71c3;\">Linogravure<\/span><\/h3>\n<p data-start=\"63\" data-end=\"159\">Nous fournissons \u00e0 nos \u00e9tudiants tout le mat\u00e9riel indispensable pour explorer la linogravure :<\/p>\n<p><strong data-start=\"163\" data-end=\"173\">Presse<\/strong> pour des impressions nettes et pr\u00e9cises,<\/p>\n<p><strong data-start=\"219\" data-end=\"230\">Plaques<\/strong> pr\u00eates \u00e0 \u00eatre grav\u00e9es.<\/p>\n<p><strong data-start=\"258\" data-end=\"268\">Gouges<\/strong> adapt\u00e9es pour tous les niveaux.<\/p>\n<p><strong data-start=\"305\" data-end=\"315\">Encres<\/strong>\u00a0 pour des rendus uniques.<\/p>\n<h3><span style=\"color: #0c71c3;\">3D<\/span><\/h3>\n<p data-start=\"49\" data-end=\"149\">Nos \u00e9tudiants ont acc\u00e8s \u00e0 tout le mat\u00e9riel n\u00e9cessaire pour donner vie \u00e0 leurs projets num\u00e9riques :<\/p>\n<p><strong data-start=\"153\" data-end=\"170\">Imprimante 3D<\/strong> pour des cr\u00e9ations en volume pr\u00e9cises.<\/p>\n<p><strong data-start=\"214\" data-end=\"228\">Scanner 3D<\/strong> pour num\u00e9riser et retravailler des objets physiques.<\/p>\n<h3><span style=\"color: #0c71c3;\">Logiciels<\/span><\/h3>\n<p>La suite Adobe Creative Cloud (Indesign, Photoshop, Illustrator, After Effect, Premi\u00e8re, etc.), est fournie \u00e0 nos \u00e9tudiants. Figma Eduction de m\u00eame.<\/p>\n<p>[\/et_pb_text][\/et_pb_column][\/et_pb_row][\/et_pb_section]<\/p>\n","protected":false},"excerpt":{"rendered":"<p>Le lyc\u00e9e Ren\u00e9 Goscinny Le lyc\u00e9e Ren\u00e9 Goscinny est nich\u00e9 dans l&rsquo;arri\u00e8re-pays Ni\u00e7ois, \u00e0 20 minutes de Nice. Il accueille deux sections DMMADe : Design Graphique et Design Num\u00e9rique. Il a ouvert ses portes \u00e0 la rentr\u00e9e 2012. Log\u00e9 dans des b\u00e2timents modernes construits par les architectes R\u00e9my Marciano et Jos\u00e9 Morales, sa certification HQE [&hellip;]<\/p>\n","protected":false},"author":1,"featured_media":0,"parent":0,"menu_order":0,"comment_status":"closed","ping_status":"closed","template":"","meta":{"_et_pb_use_builder":"on","_et_pb_old_content":"","_et_gb_content_width":"","footnotes":""},"class_list":["post-6891","page","type-page","status-publish","hentry"],"_links":{"self":[{"href":"https:\/\/designgoscinny.com\/index.php\/wp-json\/wp\/v2\/pages\/6891","targetHints":{"allow":["GET"]}}],"collection":[{"href":"https:\/\/designgoscinny.com\/index.php\/wp-json\/wp\/v2\/pages"}],"about":[{"href":"https:\/\/designgoscinny.com\/index.php\/wp-json\/wp\/v2\/types\/page"}],"author":[{"embeddable":true,"href":"https:\/\/designgoscinny.com\/index.php\/wp-json\/wp\/v2\/users\/1"}],"replies":[{"embeddable":true,"href":"https:\/\/designgoscinny.com\/index.php\/wp-json\/wp\/v2\/comments?post=6891"}],"version-history":[{"count":397,"href":"https:\/\/designgoscinny.com\/index.php\/wp-json\/wp\/v2\/pages\/6891\/revisions"}],"predecessor-version":[{"id":10845,"href":"https:\/\/designgoscinny.com\/index.php\/wp-json\/wp\/v2\/pages\/6891\/revisions\/10845"}],"wp:attachment":[{"href":"https:\/\/designgoscinny.com\/index.php\/wp-json\/wp\/v2\/media?parent=6891"}],"curies":[{"name":"wp","href":"https:\/\/api.w.org\/{rel}","templated":true}]}}