{"id":8937,"date":"2024-11-07T19:14:34","date_gmt":"2024-11-07T18:14:34","guid":{"rendered":"https:\/\/designgoscinny.com\/mystaging01\/?page_id=8937"},"modified":"2025-09-23T09:36:30","modified_gmt":"2025-09-23T07:36:30","slug":"mention-graphisme","status":"publish","type":"page","link":"https:\/\/designgoscinny.com\/index.php\/mention-graphisme\/","title":{"rendered":"MENTION GRAPHISME"},"content":{"rendered":"<p>[et_pb_section fb_built=\u00a0\u00bb1&Prime; admin_label=\u00a0\u00bbsection\u00a0\u00bb _builder_version=\u00a0\u00bb4.27.3&Prime; custom_margin_tablet=\u00a0\u00bb\u00a0\u00bb custom_margin_phone=\u00a0\u00bb-50px||||false|false\u00a0\u00bb custom_margin_last_edited=\u00a0\u00bbon|phone\u00a0\u00bb global_colors_info=\u00a0\u00bb{}\u00a0\u00bb][et_pb_row admin_label=\u00a0\u00bbrow\u00a0\u00bb _builder_version=\u00a0\u00bb4.27.3&Prime; _module_preset=\u00a0\u00bb0c864d2e-84ba-40e3-9b34-7c37409e4493&Prime; width_tablet=\u00a0\u00bb\u00a0\u00bb width_phone=\u00a0\u00bb100%\u00a0\u00bb width_last_edited=\u00a0\u00bbon|phone\u00a0\u00bb max_width_tablet=\u00a0\u00bb\u00a0\u00bb max_width_phone=\u00a0\u00bb\u00a0\u00bb max_width_last_edited=\u00a0\u00bbon|phone\u00a0\u00bb custom_margin=\u00a0\u00bb|411px|0px|auto|false|false\u00a0\u00bb global_colors_info=\u00a0\u00bb{}\u00a0\u00bb][et_pb_column type=\u00a0\u00bb4_4&Prime; _builder_version=\u00a0\u00bb4.16&Prime; custom_padding=\u00a0\u00bb|||\u00a0\u00bb global_colors_info=\u00a0\u00bb{}\u00a0\u00bb custom_padding__hover=\u00a0\u00bb|||\u00a0\u00bb][et_pb_image src=\u00a0\u00bbhttps:\/\/designgoscinny.com\/wp-content\/uploads\/2025\/02\/1DG-TDG-CERMAN-SCHWARZ-LYSANDRA_02-1024&#215;683.jpg\u00a0\u00bb title_text=\u00a0\u00bb1DG-TDG-CERMAN-SCHWARZ-LYSANDRA_02&Prime; _builder_version=\u00a0\u00bb4.27.3&Prime; _module_preset=\u00a0\u00bbf689e6eb-0166-4e90-b82b-c4e832768bd8&Prime; custom_margin_tablet=\u00a0\u00bb\u00a0\u00bb custom_margin_phone=\u00a0\u00bb||40px|0px|false|false\u00a0\u00bb custom_margin_last_edited=\u00a0\u00bbon|phone\u00a0\u00bb custom_padding=\u00a0\u00bb|||0px|false|false\u00a0\u00bb global_colors_info=\u00a0\u00bb{}\u00a0\u00bb][\/et_pb_image][et_pb_text _builder_version=\u00a0\u00bb4.27.3&Prime; _module_preset=\u00a0\u00bbad0c561d-6ea1-45e2-9fb8-57a6637b921b\u00a0\u00bb custom_margin_tablet=\u00a0\u00bb\u00a0\u00bb custom_margin_phone=\u00a0\u00bb|||20px|false|false\u00a0\u00bb custom_margin_last_edited=\u00a0\u00bbon|phone\u00a0\u00bb global_colors_info=\u00a0\u00bb{}\u00a0\u00bb]<\/p>\n<h1>DNMADe mention Graphisme<\/h1>\n<p>[\/et_pb_text][et_pb_text admin_label=\u00a0\u00bbTexte\u00a0\u00bb _builder_version=\u00a0\u00bb4.27.3&Prime; _module_preset=\u00a0\u00bbd81d2aae-c7d1-47ec-b4f3-5810a4c2a6b9&Prime; custom_margin_tablet=\u00a0\u00bb\u00a0\u00bb custom_margin_phone=\u00a0\u00bb|20px|10px|20px|false|false\u00a0\u00bb custom_margin_last_edited=\u00a0\u00bbon|phone\u00a0\u00bb global_colors_info=\u00a0\u00bb{}\u00a0\u00bb]<\/p>\n<h2>Formes et pratiques \u00e9ditoriales, laboratoire d\u2019images<\/h2>\n<p>Formation \u00e0 la conception d\u2019images et de productions graphiques exp\u00e9rimentales ou r\u00e9pondant \u00e0 une commande (identit\u00e9 visuelle, communication \u00e9v\u00e9nementielle, production \u00e9ditoriale).<br \/>Ouverture des m\u00e9dias imprim\u00e9s aux nouveaux supports num\u00e9riques pour r\u00e9pondre \u00e0 l\u2019\u00e9volution professionnelle\/ graphisme \u00e9ditorial \/\u00a0 identitaire\/ \u00e9v\u00e9nementiel. Interroger et appr\u00e9hender la fabrique d\u2019images dans toutes ses dimensions.<\/p>\n<h2>Le DNMADe<\/h2>\n<p>Le Dipl\u00f4me National des m\u00e9tiers d\u2019art et du design, DNMADE, vise l\u2019acquisition de solides connaissances et de comp\u00e9tences professionnelles dans les diff\u00e9rentes sp\u00e9cialit\u00e9s des m\u00e9tiers d\u2019arts et du design.\u2028Il s\u2019adresse \u00e0 des bacheliers issus de formations technologiques, g\u00e9n\u00e9rales ou professionnelles et aux \u00e9l\u00e8ves issus des dipl\u00f4mes de niveau IV des arts appliqu\u00e9s tels que les brevets des m\u00e9tiers d\u2019art. Le DNMADe est un cycle de formation en trois ann\u00e9es qui conf\u00e8re le grade de licence.\u2028 Il s\u2019inscrit dans le syst\u00e8me universitaire europ\u00e9en (LMD).<br \/>La formation s\u2019articule autour de la dynamique de projet : les ateliers de cr\u00e9ation constituent l&rsquo;essentiel de la formation.<\/p>\n<h2>Les pr\u00e9requis du DNMADe<\/h2>\n<p>Disposer d\u2019un bon niveau de culture g\u00e9n\u00e9rale et d\u2019une ouverture \u00e0 la culture des arts, des sciences\u2028 et des techniques.<br \/>Faire preuve de sensibilit\u00e9 aux questions sociales, environnementales et \u00e0 l\u2019innovation.<br \/>Poss\u00e9der des comp\u00e9tences en mati\u00e8re d\u2019expression \u00e9crite et orale, pour argumenter et communiquer ses id\u00e9es. (R\u00e9daction d\u2019un m\u00e9moire en ann\u00e9e 3).<br \/>Disposer d\u2019un esprit de synth\u00e8se et d\u2019anticipation \u2028utile \u00e0 la d\u00e9marche de projet. \u00catre int\u00e9ress\u00e9 par les outils num\u00e9riques actuels\u2028 et leurs usages.<br \/>Faire preuve de capacit\u00e9s d\u2019organisation et d\u2019autonomie, mais surtout de curiosit\u00e9, de motivation et d\u2019esprit critique.<\/p>\n<p>[\/et_pb_text][et_pb_cta button_url=\u00a0\u00bbhttps:\/\/designgoscinny.com\/wp-content\/uploads\/2025\/09\/Catalogue-2025-graphisme.pdf\u00a0\u00bb button_text=\u00a0\u00bbCatalogue de cours Mention Graphisme\u00a0\u00bb admin_label=\u00a0\u00bbTELECHARGEZ LE CATALOGIE DE COURS\u00a0\u00bb _builder_version=\u00a0\u00bb4.27.3&Prime; _module_preset=\u00a0\u00bb322b5b9a-26e8-47d1-899b-1c39f54cf8de\u00a0\u00bb header_text_color=\u00a0\u00bb#000000&Prime; background_color=\u00a0\u00bbRGBA(255,255,255,0)\u00a0\u00bb background_layout=\u00a0\u00bblight\u00a0\u00bb hover_enabled=\u00a0\u00bb0&Prime; global_colors_info=\u00a0\u00bb{}\u00a0\u00bb button_one_text_size__hover_enabled=\u00a0\u00bboff\u00a0\u00bb button_two_text_size__hover_enabled=\u00a0\u00bboff\u00a0\u00bb button_one_text_color__hover_enabled=\u00a0\u00bboff\u00a0\u00bb button_two_text_color__hover_enabled=\u00a0\u00bboff\u00a0\u00bb button_one_border_width__hover_enabled=\u00a0\u00bboff\u00a0\u00bb button_two_border_width__hover_enabled=\u00a0\u00bboff\u00a0\u00bb button_one_border_color__hover_enabled=\u00a0\u00bboff\u00a0\u00bb button_two_border_color__hover_enabled=\u00a0\u00bboff\u00a0\u00bb button_one_border_radius__hover_enabled=\u00a0\u00bboff\u00a0\u00bb button_two_border_radius__hover_enabled=\u00a0\u00bboff\u00a0\u00bb button_one_letter_spacing__hover_enabled=\u00a0\u00bboff\u00a0\u00bb button_two_letter_spacing__hover_enabled=\u00a0\u00bboff\u00a0\u00bb button_one_bg_color__hover_enabled=\u00a0\u00bboff\u00a0\u00bb button_two_bg_color__hover_enabled=\u00a0\u00bboff\u00a0\u00bb sticky_enabled=\u00a0\u00bb0&Prime; url_new_window=\u00a0\u00bbon\u00a0\u00bb link_option_url_new_window=\u00a0\u00bbon\u00a0\u00bb][\/et_pb_cta][\/et_pb_column][\/et_pb_row][\/et_pb_section]<\/p>\n","protected":false},"excerpt":{"rendered":"<p>DNMADe mention GraphismeFormes et pratiques \u00e9ditoriales, laboratoire d\u2019images Formation \u00e0 la conception d\u2019images et de productions graphiques exp\u00e9rimentales ou r\u00e9pondant \u00e0 une commande (identit\u00e9 visuelle, communication \u00e9v\u00e9nementielle, production \u00e9ditoriale).Ouverture des m\u00e9dias imprim\u00e9s aux nouveaux supports num\u00e9riques pour r\u00e9pondre \u00e0 l\u2019\u00e9volution professionnelle\/ graphisme \u00e9ditorial \/\u00a0 identitaire\/ \u00e9v\u00e9nementiel. Interroger et appr\u00e9hender la fabrique d\u2019images dans toutes ses [&hellip;]<\/p>\n","protected":false},"author":1,"featured_media":0,"parent":0,"menu_order":0,"comment_status":"closed","ping_status":"closed","template":"","meta":{"_et_pb_use_builder":"on","_et_pb_old_content":"","_et_gb_content_width":"","footnotes":""},"class_list":["post-8937","page","type-page","status-publish","hentry"],"_links":{"self":[{"href":"https:\/\/designgoscinny.com\/index.php\/wp-json\/wp\/v2\/pages\/8937","targetHints":{"allow":["GET"]}}],"collection":[{"href":"https:\/\/designgoscinny.com\/index.php\/wp-json\/wp\/v2\/pages"}],"about":[{"href":"https:\/\/designgoscinny.com\/index.php\/wp-json\/wp\/v2\/types\/page"}],"author":[{"embeddable":true,"href":"https:\/\/designgoscinny.com\/index.php\/wp-json\/wp\/v2\/users\/1"}],"replies":[{"embeddable":true,"href":"https:\/\/designgoscinny.com\/index.php\/wp-json\/wp\/v2\/comments?post=8937"}],"version-history":[{"count":32,"href":"https:\/\/designgoscinny.com\/index.php\/wp-json\/wp\/v2\/pages\/8937\/revisions"}],"predecessor-version":[{"id":10750,"href":"https:\/\/designgoscinny.com\/index.php\/wp-json\/wp\/v2\/pages\/8937\/revisions\/10750"}],"wp:attachment":[{"href":"https:\/\/designgoscinny.com\/index.php\/wp-json\/wp\/v2\/media?parent=8937"}],"curies":[{"name":"wp","href":"https:\/\/api.w.org\/{rel}","templated":true}]}}