{"id":8938,"date":"2024-11-07T19:14:34","date_gmt":"2024-11-07T18:14:34","guid":{"rendered":"https:\/\/designgoscinny.com\/mystaging01\/?page_id=8938"},"modified":"2025-09-23T09:45:19","modified_gmt":"2025-09-23T07:45:19","slug":"mention-numerique","status":"publish","type":"page","link":"https:\/\/designgoscinny.com\/index.php\/mention-numerique\/","title":{"rendered":"MENTION NUMERIQUE"},"content":{"rendered":"<p>[et_pb_section fb_built=\u00a0\u00bb1&Prime; _builder_version=\u00a0\u00bb4.27.3&Prime; _module_preset=\u00a0\u00bbdefault\u00a0\u00bb custom_margin_tablet=\u00a0\u00bb\u00a0\u00bb custom_margin_phone=\u00a0\u00bb-50px||||false|false\u00a0\u00bb custom_margin_last_edited=\u00a0\u00bbon|phone\u00a0\u00bb global_colors_info=\u00a0\u00bb{}\u00a0\u00bb][et_pb_row _builder_version=\u00a0\u00bb4.27.3&Prime; _module_preset=\u00a0\u00bb0c864d2e-84ba-40e3-9b34-7c37409e4493&Prime; width_tablet=\u00a0\u00bb\u00a0\u00bb width_phone=\u00a0\u00bb100%\u00a0\u00bb width_last_edited=\u00a0\u00bbon|phone\u00a0\u00bb global_colors_info=\u00a0\u00bb{}\u00a0\u00bb][et_pb_column type=\u00a0\u00bb4_4&Prime; _builder_version=\u00a0\u00bb4.27.3&Prime; _module_preset=\u00a0\u00bbdefault\u00a0\u00bb global_colors_info=\u00a0\u00bb{}\u00a0\u00bb][et_pb_image src=\u00a0\u00bbhttps:\/\/designgoscinny.com\/wp-content\/uploads\/2025\/02\/2DN_THEATRE_BLANC_GARELLI_CLARISSE_09-1024&#215;683.jpg\u00a0\u00bb title_text=\u00a0\u00bb2DN_THEATRE_BLANC_GARELLI_CLARISSE_09&Prime; _builder_version=\u00a0\u00bb4.27.3&Prime; _module_preset=\u00a0\u00bbf689e6eb-0166-4e90-b82b-c4e832768bd8&Prime; module_alignment=\u00a0\u00bbright\u00a0\u00bb custom_margin_tablet=\u00a0\u00bb\u00a0\u00bb custom_margin_phone=\u00a0\u00bb|0px|40px|0px|false|false\u00a0\u00bb custom_margin_last_edited=\u00a0\u00bbon|phone\u00a0\u00bb custom_padding=\u00a0\u00bb|0px||0px|false|false\u00a0\u00bb global_colors_info=\u00a0\u00bb{}\u00a0\u00bb][\/et_pb_image][et_pb_text _builder_version=\u00a0\u00bb4.27.3&Prime; _module_preset=\u00a0\u00bbad0c561d-6ea1-45e2-9fb8-57a6637b921b\u00a0\u00bb custom_margin_tablet=\u00a0\u00bb\u00a0\u00bb custom_margin_phone=\u00a0\u00bb0px|20px|30px|20px|false|false\u00a0\u00bb custom_margin_last_edited=\u00a0\u00bbon|phone\u00a0\u00bb custom_padding=\u00a0\u00bb||0px|||\u00a0\u00bb global_colors_info=\u00a0\u00bb{}\u00a0\u00bb]<\/p>\n<h1>DNMADe Design Num\u00e9rique <\/h1>\n<p>[\/et_pb_text][et_pb_text _builder_version=\u00a0\u00bb4.27.3&Prime; _module_preset=\u00a0\u00bbd81d2aae-c7d1-47ec-b4f3-5810a4c2a6b9&Prime; custom_margin_tablet=\u00a0\u00bb\u00a0\u00bb custom_margin_phone=\u00a0\u00bb|20px||20px|false|false\u00a0\u00bb custom_margin_last_edited=\u00a0\u00bbon|phone\u00a0\u00bb global_colors_info=\u00a0\u00bb{}\u00a0\u00bb]<\/p>\n<h2>Design d\u2019interfaces, motion design et dispositifs interactifs<\/h2>\n<p>Le champ disciplinaire est celui du design graphique appliqu\u00e9 aux supports num\u00e9riques.<\/p>\n<p>Ce cursus forme les futures UX\/UI Designer et Motion Designer.<\/p>\n<p>L\u2019UX\/UI Design concerne la cr\u00e9ation d\u2019interface : application mobile, site web vitrine, site web commerciaux.<\/p>\n<p>Le Motion Design concerne la cr\u00e9ation de vid\u00e9os anim\u00e9es en 2D r\u00e9pondant \u00e0 une commande : animation publicitaire, animation didactique (pr\u00e9sentation d\u2019un produit, service), habillage TV,\u00a0 g\u00e9n\u00e9rique d\u2019\u00e9mission.<\/p>\n<p>Dispositifs interactifs : cr\u00e9ation de m\u00e9diation et de narration interactive.\u00a0<\/p>\n<p><em>Nous ne formons pas \u00e0 l\u2019animation 3D, ni au cin\u00e9ma d\u2019animation. Merci de bien visionner les projets de nos \u00e9tudiants. Toute candidature orient\u00e9e cr\u00e9ation audiovisuelle ne sera pas re\u00e7ue. Nous ne formons pas non plus des d\u00e9veloppeurs web. L\u2019UX\/UI Design concerne l\u2019aspect visuel d\u2019une interface et non le codage de celle ci.<\/em><\/p>\n<h2>En savoir plus sur le DNMADe<\/h2>\n<p>Le Dipl\u00f4me National des m\u00e9tiers d\u2019art et du design, DNMADE, vise l\u2019acquisition de solides connaissances et de comp\u00e9tences professionnelles dans les diff\u00e9rentes sp\u00e9cialit\u00e9s des m\u00e9tiers d\u2019arts et du design.\u2028Il s\u2019adresse \u00e0 des bacheliers issus de formations technologiques, g\u00e9n\u00e9rales ou professionnelles et aux \u00e9l\u00e8ves issus des dipl\u00f4mes de niveau IV des arts appliqu\u00e9s tels que les brevets des m\u00e9tiers d\u2019art.<br \/>Le DNMADe est un cycle de formation en trois ann\u00e9es qui conf\u00e8re le grade de licence.\u2028Il s\u2019inscrit dans le syst\u00e8me universitaire europ\u00e9en (LMD).<br \/>La formation s\u2019articule autour de la dynamique de projet : les ateliers de cr\u00e9ation sont le point de convergence et de mobilisation des savoirs et comp\u00e9tences en cours d\u2019acquisition.<\/p>\n<h2>Les pr\u00e9requis du DNMADe<\/h2>\n<p>Disposer d\u2019un bon niveau de culture g\u00e9n\u00e9rale et d\u2019une ouverture \u00e0 la culture des arts, des sciences\u2028 et des techniques.<br \/>Faire preuve de sensibilit\u00e9 aux questions sociales, environnementales et \u00e0 l\u2019innovation.<br \/>Poss\u00e9der des comp\u00e9tences en mati\u00e8re d\u2019expression \u00e9crite et orale, pour argumenter et communiquer ses id\u00e9es. (R\u00e9daction d\u2019un m\u00e9moire en ann\u00e9e 3).<br \/>Disposer d\u2019un esprit de synth\u00e8se et d\u2019anticipation \u2028utile \u00e0 la d\u00e9marche de projet. \u00catre int\u00e9ress\u00e9 par les outils num\u00e9riques actuels\u2028 et leurs usages.<br \/>Faire preuve de capacit\u00e9s d\u2019organisation et d\u2019autonomie, mais surtout de curiosit\u00e9, de motivation et d\u2019esprit critique.<\/p>\n<p>[\/et_pb_text][et_pb_cta button_url=\u00a0\u00bbhttps:\/\/designgoscinny.com\/wp-content\/uploads\/2025\/09\/Catalogue-2025-numerique.pdf\u00a0\u00bb button_text=\u00a0\u00bbCatalogue de cours Mention Num\u00e9rique\u00a0\u00bb admin_label=\u00a0\u00bbTELECHARGEZ LE CATALOGIE DE COURS\u00a0\u00bb _builder_version=\u00a0\u00bb4.27.3&Prime; _module_preset=\u00a0\u00bb322b5b9a-26e8-47d1-899b-1c39f54cf8de\u00a0\u00bb background_color=\u00a0\u00bbRGBA(255,255,255,0)\u00a0\u00bb background_layout=\u00a0\u00bblight\u00a0\u00bb hover_enabled=\u00a0\u00bb0&Prime; global_colors_info=\u00a0\u00bb{}\u00a0\u00bb button_text_size__hover_enabled=\u00a0\u00bboff\u00a0\u00bb button_one_text_size__hover_enabled=\u00a0\u00bboff\u00a0\u00bb button_two_text_size__hover_enabled=\u00a0\u00bboff\u00a0\u00bb button_text_color__hover_enabled=\u00a0\u00bboff\u00a0\u00bb button_one_text_color__hover_enabled=\u00a0\u00bboff\u00a0\u00bb button_two_text_color__hover_enabled=\u00a0\u00bboff\u00a0\u00bb button_border_width__hover_enabled=\u00a0\u00bboff\u00a0\u00bb button_one_border_width__hover_enabled=\u00a0\u00bboff\u00a0\u00bb button_two_border_width__hover_enabled=\u00a0\u00bboff\u00a0\u00bb button_border_color__hover_enabled=\u00a0\u00bboff\u00a0\u00bb button_one_border_color__hover_enabled=\u00a0\u00bboff\u00a0\u00bb button_two_border_color__hover_enabled=\u00a0\u00bboff\u00a0\u00bb button_border_radius__hover_enabled=\u00a0\u00bboff\u00a0\u00bb button_one_border_radius__hover_enabled=\u00a0\u00bboff\u00a0\u00bb button_two_border_radius__hover_enabled=\u00a0\u00bboff\u00a0\u00bb button_letter_spacing__hover_enabled=\u00a0\u00bboff\u00a0\u00bb button_one_letter_spacing__hover_enabled=\u00a0\u00bboff\u00a0\u00bb button_two_letter_spacing__hover_enabled=\u00a0\u00bboff\u00a0\u00bb button_bg_color__hover_enabled=\u00a0\u00bboff\u00a0\u00bb button_one_bg_color__hover_enabled=\u00a0\u00bboff\u00a0\u00bb button_two_bg_color__hover_enabled=\u00a0\u00bboff\u00a0\u00bb url_new_window=\u00a0\u00bbon\u00a0\u00bb link_option_url_new_window=\u00a0\u00bbon\u00a0\u00bb sticky_enabled=\u00a0\u00bb0&Prime;][\/et_pb_cta][\/et_pb_column][\/et_pb_row][\/et_pb_section]<\/p>\n","protected":false},"excerpt":{"rendered":"<p>DNMADe Design Num\u00e9rique Design d\u2019interfaces, motion design et dispositifs interactifs Le champ disciplinaire est celui du design graphique appliqu\u00e9 aux supports num\u00e9riques. Ce cursus forme les futures UX\/UI Designer et Motion Designer. L\u2019UX\/UI Design concerne la cr\u00e9ation d\u2019interface : application mobile, site web vitrine, site web commerciaux. Le Motion Design concerne la cr\u00e9ation de vid\u00e9os [&hellip;]<\/p>\n","protected":false},"author":1,"featured_media":0,"parent":0,"menu_order":0,"comment_status":"closed","ping_status":"closed","template":"","meta":{"_et_pb_use_builder":"on","_et_pb_old_content":"","_et_gb_content_width":"","footnotes":""},"class_list":["post-8938","page","type-page","status-publish","hentry"],"_links":{"self":[{"href":"https:\/\/designgoscinny.com\/index.php\/wp-json\/wp\/v2\/pages\/8938","targetHints":{"allow":["GET"]}}],"collection":[{"href":"https:\/\/designgoscinny.com\/index.php\/wp-json\/wp\/v2\/pages"}],"about":[{"href":"https:\/\/designgoscinny.com\/index.php\/wp-json\/wp\/v2\/types\/page"}],"author":[{"embeddable":true,"href":"https:\/\/designgoscinny.com\/index.php\/wp-json\/wp\/v2\/users\/1"}],"replies":[{"embeddable":true,"href":"https:\/\/designgoscinny.com\/index.php\/wp-json\/wp\/v2\/comments?post=8938"}],"version-history":[{"count":22,"href":"https:\/\/designgoscinny.com\/index.php\/wp-json\/wp\/v2\/pages\/8938\/revisions"}],"predecessor-version":[{"id":10751,"href":"https:\/\/designgoscinny.com\/index.php\/wp-json\/wp\/v2\/pages\/8938\/revisions\/10751"}],"wp:attachment":[{"href":"https:\/\/designgoscinny.com\/index.php\/wp-json\/wp\/v2\/media?parent=8938"}],"curies":[{"name":"wp","href":"https:\/\/api.w.org\/{rel}","templated":true}]}}