{"id":8972,"date":"2024-11-11T14:29:00","date_gmt":"2024-11-11T13:29:00","guid":{"rendered":"https:\/\/designgoscinny.com\/mystaging01\/?page_id=8972"},"modified":"2025-10-16T11:06:58","modified_gmt":"2025-10-16T09:06:58","slug":"admission-00","status":"publish","type":"page","link":"https:\/\/designgoscinny.com\/index.php\/admission-00\/","title":{"rendered":"ADMISSION"},"content":{"rendered":"<p>[et_pb_section fb_built=\u00a0\u00bb1&Prime; _builder_version=\u00a0\u00bb4.19.1&Prime; _module_preset=\u00a0\u00bbdefault\u00a0\u00bb global_colors_info=\u00a0\u00bb{}\u00a0\u00bb][et_pb_row custom_padding_last_edited=\u00a0\u00bbon|phone\u00a0\u00bb _builder_version=\u00a0\u00bb4.27.3&Prime; _module_preset=\u00a0\u00bb0c864d2e-84ba-40e3-9b34-7c37409e4493&Prime; width_tablet=\u00a0\u00bb96%\u00a0\u00bb width_phone=\u00a0\u00bb100%\u00a0\u00bb width_last_edited=\u00a0\u00bbon|phone\u00a0\u00bb max_width_tablet=\u00a0\u00bb2560%\u00a0\u00bb max_width_phone=\u00a0\u00bb2560%\u00a0\u00bb max_width_last_edited=\u00a0\u00bbon|phone\u00a0\u00bb custom_margin=\u00a0\u00bb0px|||50px|false|false\u00a0\u00bb custom_margin_tablet=\u00a0\u00bb0px|||50px|false|false\u00a0\u00bb custom_margin_phone=\u00a0\u00bb|0px||5px|false|false\u00a0\u00bb custom_margin_last_edited=\u00a0\u00bbon|phone\u00a0\u00bb custom_padding_tablet=\u00a0\u00bb\u00a0\u00bb custom_padding_phone=\u00a0\u00bb|0px||0px|false|false\u00a0\u00bb global_colors_info=\u00a0\u00bb{}\u00a0\u00bb][et_pb_column type=\u00a0\u00bb4_4&Prime; _builder_version=\u00a0\u00bb4.19.1&Prime; _module_preset=\u00a0\u00bbdefault\u00a0\u00bb global_colors_info=\u00a0\u00bb{}\u00a0\u00bb][et_pb_image src=\u00a0\u00bbhttps:\/\/designgoscinny.com\/wp-content\/uploads\/2025\/02\/2DG-TDG-CERMAN-PALMIER-MAELLE_03-1024&#215;683.jpg\u00a0\u00bb title_text=\u00a0\u00bb2DG-TDG-CERMAN-PALMIER-MAELLE_03&Prime; _builder_version=\u00a0\u00bb4.27.3&Prime; _module_preset=\u00a0\u00bbf689e6eb-0166-4e90-b82b-c4e832768bd8&Prime; custom_margin_tablet=\u00a0\u00bb\u00a0\u00bb custom_margin_phone=\u00a0\u00bb|0px||0px|false|false\u00a0\u00bb custom_margin_last_edited=\u00a0\u00bbon|desktop\u00a0\u00bb custom_padding=\u00a0\u00bb|0px||0px|false|false\u00a0\u00bb custom_padding_tablet=\u00a0\u00bb|0px||0px|false|false\u00a0\u00bb custom_padding_phone=\u00a0\u00bb|0px||0px|false|false\u00a0\u00bb custom_padding_last_edited=\u00a0\u00bbon|phone\u00a0\u00bb global_colors_info=\u00a0\u00bb{}\u00a0\u00bb][\/et_pb_image][et_pb_text admin_label=\u00a0\u00bbTexte\u00a0\u00bb _builder_version=\u00a0\u00bb4.27.3&Prime; _module_preset=\u00a0\u00bbad0c561d-6ea1-45e2-9fb8-57a6637b921b\u00a0\u00bb custom_margin_tablet=\u00a0\u00bb\u00a0\u00bb custom_margin_phone=\u00a0\u00bb0px||30px|20px|false|false\u00a0\u00bb custom_margin_last_edited=\u00a0\u00bbon|phone\u00a0\u00bb global_colors_info=\u00a0\u00bb{}\u00a0\u00bb]<\/p>\n<h1>Candidater<\/h1>\n<p>[\/et_pb_text][et_pb_text admin_label=\u00a0\u00bbTexte\u00a0\u00bb _builder_version=\u00a0\u00bb4.27.3&Prime; _module_preset=\u00a0\u00bbd81d2aae-c7d1-47ec-b4f3-5810a4c2a6b9&Prime; custom_margin_tablet=\u00a0\u00bb\u00a0\u00bb custom_margin_phone=\u00a0\u00bb|20px|10px|20px|false|false\u00a0\u00bb custom_margin_last_edited=\u00a0\u00bbon|phone\u00a0\u00bb custom_padding_tablet=\u00a0\u00bb\u00a0\u00bb custom_padding_phone=\u00a0\u00bb\u00a0\u00bb custom_padding_last_edited=\u00a0\u00bbon|phone\u00a0\u00bb global_colors_info=\u00a0\u00bb{}\u00a0\u00bb]<\/p>\n<h2>Documents du dossier de candidature<\/h2>\n<h3>Curriculum Vitae<\/h3>\n<p style=\"text-align: left;\">Pr\u00e9ciser vos implications dans le monde associatif et\/ou sportif.<\/p>\n<h3 style=\"text-align: left;\">La lettre de motivation :<\/h3>\n<p style=\"text-align: left;\">Votre compr\u00e9hension du parcours choisi (parcours Graphisme ou Num\u00e9rique) et les raisons de son choix. Si vous avez particip\u00e9 aux JPO de nos formations il est imp\u00e9ratif de le mentionner dans votre lettre de motivation. Citer des projets que vous avez appr\u00e9ci\u00e9 ( lors des JPO ou sur notre site).<\/p>\n<h2 style=\"text-align: left;\">Le carnet personnel<\/h2>\n<p>Le carnet personnel (autrefois appel\u00e9 book ou portfolio) est un fichier PDF pr\u00e9sentant vos travaux. Fichier \u00e0 t\u00e9l\u00e9verser au format A4 ou A3\u00a0 en PDF.\u00a0Le carnet personnel a le coefficient le plus fort lors de l&rsquo;analyse des candidatures. C&rsquo;est un \u00e9l\u00e9ment cl\u00e9 pour votre admission. Toute candidature sans carnet sera refus\u00e9e.<\/p>\n<p>Nous attirons votre attention sur le plagiat, l&rsquo;utilisation de Chat GPT et de l&rsquo;IA. Il est indispensable de citer vos sources et de pr\u00e9ciser les cas o\u00f9 l&rsquo;IA est utilis\u00e9e.<\/p>\n<p><span style=\"font-family: inherit;\">Si vous candidatez aux deux mentions il vous faut concevoir deux portfolios diff\u00e9rents, c&rsquo;est-\u00e0-dire adapt\u00e9s chacun aux mentions et leur sp\u00e9cificit\u00e9s particuli\u00e8res.<\/span><\/p>\n<h3 style=\"text-align: left;\"><\/h3>\n<h3>Vos cr\u00e9ations personnelles<\/h3>\n<p>Travaux, dessins, projets r\u00e9alis\u00e9s. Exemple : dessins, croquis sur le vif, exp\u00e9rimentations picturales et photographiques, GIF etc.<\/p>\n<h3><span style=\"font-weight: 400;\">Votre univers visuel<\/span><\/h3>\n<p><span style=\"font-weight: 400;\">Une s\u00e9lection de productions en Design Graphique vari\u00e9es (affiches, logos, \u00e9ditions, typographies) pour les candidatures en mention Graphisme.<\/span><\/p>\n<p><span style=\"font-weight: 400;\">Une s\u00e9lection de productions en Design Num\u00e9rique (site web, vid\u00e9os d&rsquo;animations en motion design, habillage Tv) pour les candidatures en mention Num\u00e9rique.<\/span><\/p>\n<p>Votre s\u00e9lection doit \u00eatre r\u00e9f\u00e9renc\u00e9e (Nom du designer ou du studio \/ Date \/ Titre) et l\u00e9gend\u00e9e. Expliquez l\u2019inter\u00eat que vous portez \u00e0 chacune d\u2019entre elles par une courte l\u00e9gende.<\/p>\n<h3>Vos choix culturels<\/h3>\n<p>Artistiques, litt\u00e9raires, pr\u00e9ciser vos visites de mus\u00e9es, expositions.<\/p>\n<h3>Lien vers vos r\u00e9seaux sociaux<\/h3>\n<p>Blog ou TUMBLR ou INSTAGRAM ou autre (except\u00e9 PINTEREST).<\/p>\n<h3>Informations compl\u00e9mentaires<\/h3>\n<p>Tout compl\u00e9ment \u00e0 votre libre initiative<\/p>\n<p>Pr\u00e9sentation personnelle sous une forme libre (enregistrement vid\u00e9o, sonore ou texte, entre 20 et 40 lignes maximum.<\/p>\n<p style=\"text-align: left;\">[\/et_pb_text][et_pb_text admin_label=\u00a0\u00bbTexte\u00a0\u00bb _builder_version=\u00a0\u00bb4.27.4&Prime; _module_preset=\u00a0\u00bbad0c561d-6ea1-45e2-9fb8-57a6637b921b\u00a0\u00bb custom_margin_tablet=\u00a0\u00bb\u00a0\u00bb custom_margin_phone=\u00a0\u00bb|||20px|false|false\u00a0\u00bb custom_margin_last_edited=\u00a0\u00bbon|phone\u00a0\u00bb custom_padding=\u00a0\u00bb30px||||false|false\u00a0\u00bb hover_enabled=\u00a0\u00bb0&Prime; global_colors_info=\u00a0\u00bb{}\u00a0\u00bb sticky_enabled=\u00a0\u00bb0&Prime;]<\/p>\n<h1>Candidature 2026 Parcours Sup<\/h1>\n<p>[\/et_pb_text][et_pb_text admin_label=\u00a0\u00bbTexte\u00a0\u00bb _builder_version=\u00a0\u00bb4.27.4&Prime; _module_preset=\u00a0\u00bbd81d2aae-c7d1-47ec-b4f3-5810a4c2a6b9&Prime; custom_margin_tablet=\u00a0\u00bb\u00a0\u00bb custom_margin_phone=\u00a0\u00bb|||20px|false|false\u00a0\u00bb custom_margin_last_edited=\u00a0\u00bbon|phone\u00a0\u00bb hover_enabled=\u00a0\u00bb0&Prime; global_colors_info=\u00a0\u00bb{}\u00a0\u00bb sticky_enabled=\u00a0\u00bb0&Prime;]<\/p>\n<p>\u00a0Inscription formulation des voeux et finalisation du dossier sur parcours sup.<\/p>\n<h3>La formation DNMADE Design Graphique<\/h3>\n<p>Ce cursus forme des graphistes, le graphiste est en charge de la cr\u00e9ation de supports de communication (affiche, flyer, logotype, identit\u00e9 visuelle, signal\u00e9tique, livre).<\/p>\n<p><em>Nous ne formons pas au dessin pour le tatouage.\u00a0<\/em><\/p>\n<h3>La formation DNMADE Design Num\u00e9rique<\/h3>\n<p>Ce cursus forme les futures UX\/UI Designer et Motion Designer.<\/p>\n<p>L&rsquo;UX\/UI Design concerne la cr\u00e9ation d&rsquo;interface : application mobile, site web vitrine, site web commerciaux.<\/p>\n<p>Le Motion Design concerne la cr\u00e9ation de vid\u00e9o anim\u00e9e en 2D r\u00e9pondant \u00e0 une commande : animation publicitaire, animation didactique (pr\u00e9sentation d&rsquo;un produit, service), habillage TV,\u00a0 g\u00e9n\u00e9rique d&rsquo;\u00e9mission.<\/p>\n<p><em>Nous ne formons pas \u00e0 l&rsquo;animation 3D et au cin\u00e9ma d&rsquo;animation. Toute candidature orient\u00e9e cr\u00e9ation audiovisuelle ne sera pas re\u00e7ue. Nous ne formons pas non plus des d\u00e9veloppeurs web. L&rsquo;UX\/UI Design concerne l&rsquo;aspect visuel d&rsquo;une interface et non le codage de celle ci. Merci de bien visionner les projets de nos \u00e9tudiants.<\/em><\/p>\n<h3>Candidater en cours de parcours<\/h3>\n<p>Vous souhaitez postuler pour entrer en L2 ou en L3, merci de prendre contact avec Mr. Portet DDFPT au <a data-dtype=\"d3ph\" data-local-attribute=\"d3ph\" jscontroller=\"LWZElb\" href=\"https:\/\/www.google.com\/search?client=safari&amp;rls=en&amp;q=lyc%C3%A9e+ren%C3%A9+goscinny+t%C3%A9l&amp;ie=UTF-8&amp;oe=UTF-8#\" jsdata=\"QKGTRc;_;BzcGSk\" jsaction=\"rcuQ6b:npT2md;F75qrd\" data-ved=\"2ahUKEwj9geCo7OmLAxURUKQEHV-lLKAQkAgoAHoECDEQAw\"><span aria-label=\"Appeler le 04 92 14 34 50\">04 92 14 34 50<\/span><\/a><\/p>\n<p>[\/et_pb_text][\/et_pb_column][\/et_pb_row][\/et_pb_section]<\/p>\n","protected":false},"excerpt":{"rendered":"<p>CandidaterDocuments du dossier de candidature Curriculum Vitae Pr\u00e9ciser vos implications dans le monde associatif et\/ou sportif. La lettre de motivation : Votre compr\u00e9hension du parcours choisi (parcours Graphisme ou Num\u00e9rique) et les raisons de son choix. Si vous avez particip\u00e9 aux JPO de nos formations il est imp\u00e9ratif de le mentionner dans votre lettre de [&hellip;]<\/p>\n","protected":false},"author":1,"featured_media":0,"parent":0,"menu_order":0,"comment_status":"closed","ping_status":"closed","template":"","meta":{"_et_pb_use_builder":"on","_et_pb_old_content":"","_et_gb_content_width":"","footnotes":""},"class_list":["post-8972","page","type-page","status-publish","hentry"],"_links":{"self":[{"href":"https:\/\/designgoscinny.com\/index.php\/wp-json\/wp\/v2\/pages\/8972","targetHints":{"allow":["GET"]}}],"collection":[{"href":"https:\/\/designgoscinny.com\/index.php\/wp-json\/wp\/v2\/pages"}],"about":[{"href":"https:\/\/designgoscinny.com\/index.php\/wp-json\/wp\/v2\/types\/page"}],"author":[{"embeddable":true,"href":"https:\/\/designgoscinny.com\/index.php\/wp-json\/wp\/v2\/users\/1"}],"replies":[{"embeddable":true,"href":"https:\/\/designgoscinny.com\/index.php\/wp-json\/wp\/v2\/comments?post=8972"}],"version-history":[{"count":29,"href":"https:\/\/designgoscinny.com\/index.php\/wp-json\/wp\/v2\/pages\/8972\/revisions"}],"predecessor-version":[{"id":10820,"href":"https:\/\/designgoscinny.com\/index.php\/wp-json\/wp\/v2\/pages\/8972\/revisions\/10820"}],"wp:attachment":[{"href":"https:\/\/designgoscinny.com\/index.php\/wp-json\/wp\/v2\/media?parent=8972"}],"curies":[{"name":"wp","href":"https:\/\/api.w.org\/{rel}","templated":true}]}}